{"id":1026,"date":"2024-08-05T19:32:22","date_gmt":"2024-08-05T23:32:22","guid":{"rendered":"https:\/\/mtchrist.com\/stage-shows\/"},"modified":"2026-03-31T21:27:48","modified_gmt":"2026-04-01T01:27:48","slug":"mytestimony","status":"publish","type":"page","link":"https:\/\/mtchrist.com\/fr\/mytestimony\/","title":{"rendered":"Mon T\u00e9moignage"},"content":{"rendered":"<div data-elementor-type=\"wp-page\" data-elementor-id=\"1026\" class=\"elementor elementor-1026\" data-elementor-post-type=\"page\">\n\t\t\t\t<div class=\"elementor-element elementor-element-93c66a8 e-con-full e-flex e-con e-parent\" data-id=\"93c66a8\" data-element_type=\"container\" data-e-type=\"container\" data-settings=\"{&quot;shape_divider_top&quot;:&quot;wave-brush&quot;}\">\n\t\t\t\t<div class=\"elementor-shape elementor-shape-top\" aria-hidden=\"true\" data-negative=\"false\">\n\t\t\t<svg xmlns=\"http:\/\/www.w3.org\/2000\/svg\" viewbox=\"0 0 283.5 27.8\" preserveaspectratio=\"none\">\n\t<path class=\"elementor-shape-fill\" d=\"M283.5,9.7c0,0-7.3,4.3-14,4.6c-6.8,0.3-12.6,0-20.9-1.5c-11.3-2-33.1-10.1-44.7-5.7\ts-12.1,4.6-18,7.4c-6.6,3.2-20,9.6-36.6,9.3C131.6,23.5,99.5,7.2,86.3,8c-1.4,0.1-6.6,0.8-10.5,2c-3.8,1.2-9.4,3.8-17,4.7\tc-3.2,0.4-8.3,1.1-14.2,0.9c-1.5-0.1-6.3-0.4-12-1.6c-5.7-1.2-11-3.1-15.8-3.7C6.5,9.2,0,10.8,0,10.8V0h283.5V9.7z M260.8,11.3\tc-0.7-1-2-0.4-4.3-0.4c-2.3,0-6.1-1.2-5.8-1.1c0.3,0.1,3.1,1.5,6,1.9C259.7,12.2,261.4,12.3,260.8,11.3z M242.4,8.6\tc0,0-2.4-0.2-5.6-0.9c-3.2-0.8-10.3-2.8-15.1-3.5c-8.2-1.1-15.8,0-15.1,0.1c0.8,0.1,9.6-0.6,17.6,1.1c3.3,0.7,9.3,2.2,12.4,2.7\tC239.9,8.7,242.4,8.6,242.4,8.6z M185.2,8.5c1.7-0.7-13.3,4.7-18.5,6.1c-2.1,0.6-6.2,1.6-10,2c-3.9,0.4-8.9,0.4-8.8,0.5\tc0,0.2,5.8,0.8,11.2,0c5.4-0.8,5.2-1.1,7.6-1.6C170.5,14.7,183.5,9.2,185.2,8.5z M199.1,6.9c0.2,0-0.8-0.4-4.8,1.1\tc-4,1.5-6.7,3.5-6.9,3.7c-0.2,0.1,3.5-1.8,6.6-3C197,7.5,199,6.9,199.1,6.9z M283,6c-0.1,0.1-1.9,1.1-4.8,2.5s-6.9,2.8-6.7,2.7\tc0.2,0,3.5-0.6,7.4-2.5C282.8,6.8,283.1,5.9,283,6z M31.3,11.6c0.1-0.2-1.9-0.2-4.5-1.2s-5.4-1.6-7.8-2C15,7.6,7.3,8.5,7.7,8.6\tC8,8.7,15.9,8.3,20.2,9.3c2.2,0.5,2.4,0.5,5.7,1.6S31.2,11.9,31.3,11.6z M73,9.2c0.4-0.1,3.5-1.6,8.4-2.6c4.9-1.1,8.9-0.5,8.9-0.8\tc0-0.3-1-0.9-6.2-0.3S72.6,9.3,73,9.2z M71.6,6.7C71.8,6.8,75,5.4,77.3,5c2.3-0.3,1.9-0.5,1.9-0.6c0-0.1-1.1-0.2-2.7,0.2\tC74.8,5.1,71.4,6.6,71.6,6.7z M93.6,4.4c0.1,0.2,3.5,0.8,5.6,1.8c2.1,1,1.8,0.6,1.9,0.5c0.1-0.1-0.8-0.8-2.4-1.3\tC97.1,4.8,93.5,4.2,93.6,4.4z M65.4,11.1c-0.1,0.3,0.3,0.5,1.9-0.2s2.6-1.3,2.2-1.2s-0.9,0.4-2.5,0.8C65.3,10.9,65.5,10.8,65.4,11.1\tz M34.5,12.4c-0.2,0,2.1,0.8,3.3,0.9c1.2,0.1,2,0.1,2-0.2c0-0.3-0.1-0.5-1.6-0.4C36.6,12.8,34.7,12.4,34.5,12.4z M152.2,21.1\tc-0.1,0.1-2.4-0.3-7.5-0.3c-5,0-13.6-2.4-17.2-3.5c-3.6-1.1,10,3.9,16.5,4.1C150.5,21.6,152.3,21,152.2,21.1z\"\/>\n\t<path class=\"elementor-shape-fill\" d=\"M269.6,18c-0.1-0.1-4.6,0.3-7.2,0c-7.3-0.7-17-3.2-16.6-2.9c0.4,0.3,13.7,3.1,17,3.3\tC267.7,18.8,269.7,18,269.6,18z\"\/>\n\t<path class=\"elementor-shape-fill\" d=\"M227.4,9.8c-0.2-0.1-4.5-1-9.5-1.2c-5-0.2-12.7,0.6-12.3,0.5c0.3-0.1,5.9-1.8,13.3-1.2\tS227.6,9.9,227.4,9.8z\"\/>\n\t<path class=\"elementor-shape-fill\" d=\"M204.5,13.4c-0.1-0.1,2-1,3.2-1.1c1.2-0.1,2,0,2,0.3c0,0.3-0.1,0.5-1.6,0.4\tC206.4,12.9,204.6,13.5,204.5,13.4z\"\/>\n\t<path class=\"elementor-shape-fill\" d=\"M201,10.6c0-0.1-4.4,1.2-6.3,2.2c-1.9,0.9-6.2,3.1-6.1,3.1c0.1,0.1,4.2-1.6,6.3-2.6\tS201,10.7,201,10.6z\"\/>\n\t<path class=\"elementor-shape-fill\" d=\"M154.5,26.7c-0.1-0.1-4.6,0.3-7.2,0c-7.3-0.7-17-3.2-16.6-2.9c0.4,0.3,13.7,3.1,17,3.3\tC152.6,27.5,154.6,26.8,154.5,26.7z\"\/>\n\t<path class=\"elementor-shape-fill\" d=\"M41.9,19.3c0,0,1.2-0.3,2.9-0.1c1.7,0.2,5.8,0.9,8.2,0.7c4.2-0.4,7.4-2.7,7-2.6\tc-0.4,0-4.3,2.2-8.6,1.9c-1.8-0.1-5.1-0.5-6.7-0.4S41.9,19.3,41.9,19.3z\"\/>\n\t<path class=\"elementor-shape-fill\" d=\"M75.5,12.6c0.2,0.1,2-0.8,4.3-1.1c2.3-0.2,2.1-0.3,2.1-0.5c0-0.1-1.8-0.4-3.4,0\tC76.9,11.5,75.3,12.5,75.5,12.6z\"\/>\n\t<path class=\"elementor-shape-fill\" d=\"M15.6,13.2c0-0.1,4.3,0,6.7,0.5c2.4,0.5,5,1.9,5,2c0,0.1-2.7-0.8-5.1-1.4\tC19.9,13.7,15.7,13.3,15.6,13.2z\"\/>\n<\/svg>\t\t<\/div>\n\t\t\t\t<div class=\"elementor-element elementor-element-82b902b elementor-widget__width-inherit elementor-widget elementor-widget-image\" data-id=\"82b902b\" data-element_type=\"widget\" data-e-type=\"widget\" data-widget_type=\"image.default\">\n\t\t\t\t<div class=\"elementor-widget-container\">\n\t\t\t\t\t\t\t\t\t\t\t\t\t\t\t<img loading=\"lazy\" decoding=\"async\" width=\"1920\" height=\"1280\" src=\"https:\/\/mtchrist.com\/wp-content\/uploads\/2025\/01\/51207506-176F-40C2-9F7A-48DCA7D1FFE1.jpeg\" class=\"attachment-full size-full wp-image-5443\" alt=\"\" srcset=\"https:\/\/mtchrist.com\/wp-content\/uploads\/2025\/01\/51207506-176F-40C2-9F7A-48DCA7D1FFE1.jpeg 1920w, https:\/\/mtchrist.com\/wp-content\/uploads\/2025\/01\/51207506-176F-40C2-9F7A-48DCA7D1FFE1-300x200.jpeg 300w, https:\/\/mtchrist.com\/wp-content\/uploads\/2025\/01\/51207506-176F-40C2-9F7A-48DCA7D1FFE1-1024x683.jpeg 1024w, https:\/\/mtchrist.com\/wp-content\/uploads\/2025\/01\/51207506-176F-40C2-9F7A-48DCA7D1FFE1-768x512.jpeg 768w, https:\/\/mtchrist.com\/wp-content\/uploads\/2025\/01\/51207506-176F-40C2-9F7A-48DCA7D1FFE1-1536x1024.jpeg 1536w, https:\/\/mtchrist.com\/wp-content\/uploads\/2025\/01\/51207506-176F-40C2-9F7A-48DCA7D1FFE1-18x12.jpeg 18w\" sizes=\"(max-width: 1920px) 100vw, 1920px\" \/>\t\t\t\t\t\t\t\t\t\t\t\t\t\t\t<\/div>\n\t\t\t\t<\/div>\n\t\t\t\t<div class=\"elementor-element elementor-element-9c16104 elementor-widget__width-inherit elementor-widget-mobile__width-inherit elementor-invisible elementor-widget elementor-widget-heading\" data-id=\"9c16104\" data-element_type=\"widget\" data-e-type=\"widget\" data-settings=\"{&quot;_animation&quot;:&quot;slideInRight&quot;}\" data-widget_type=\"heading.default\">\n\t\t\t\t<div class=\"elementor-widget-container\">\n\t\t\t\t\t<h1 class=\"elementor-heading-title elementor-size-default\">Mon T\u00e9moignage<\/h1>\t\t\t\t<\/div>\n\t\t\t\t<\/div>\n\t\t\t\t<\/div>\n\t\t<div class=\"elementor-element elementor-element-ca4934f e-flex e-con-boxed e-con e-parent\" data-id=\"ca4934f\" data-element_type=\"container\" data-e-type=\"container\">\n\t\t\t\t\t<div class=\"e-con-inner\">\n\t\t\t\t<div class=\"elementor-element elementor-element-02dab16 elementor-widget elementor-widget-heading\" data-id=\"02dab16\" data-element_type=\"widget\" data-e-type=\"widget\" data-widget_type=\"heading.default\">\n\t\t\t\t<div class=\"elementor-widget-container\">\n\t\t\t\t\t<h2 class=\"elementor-heading-title elementor-size-default\">T\u00e9moignages de la gr\u00e2ce de Dieu \u00e0 l'\u0153uvre<\/h2>\t\t\t\t<\/div>\n\t\t\t\t<\/div>\n\t\t\t\t<div class=\"elementor-element elementor-element-29ae3d5 elementor-widget-tablet__width-inherit elementor-widget elementor-widget-text-editor\" data-id=\"29ae3d5\" data-element_type=\"widget\" data-e-type=\"widget\" data-widget_type=\"text-editor.default\">\n\t\t\t\t<div class=\"elementor-widget-container\">\n\t\t\t\t\t\t\t\t\t<p><span style=\"color: #000000; font-size: 18px; font-family: georgia, palatino;\">Chaque vie touch\u00e9e par J\u00e9sus-Christ devient un t\u00e9moignage vivant.<\/span><br data-start=\"359\" data-end=\"362\" \/><span style=\"color: #000000; font-size: 18px; font-family: georgia, palatino;\">Cette page rassemble des t\u00e9moignages authentiques, des moments o\u00f9 la lumi\u00e8re du Christ a perc\u00e9 les t\u00e9n\u00e8bres, gu\u00e9ri des blessures, restaur\u00e9 des c\u0153urs et r\u00e9v\u00e9l\u00e9 la puissance de l'amour de Dieu.<\/span><\/p><p><span style=\"color: #000000; font-size: 18px; font-family: georgia, palatino;\">Je partage ici mon propre parcours afin de t\u00e9moigner de ce que le Seigneur a accompli dans ma vie. Mais cette page ne concerne pas uniquement mon histoire. Elle s'adresse \u00e0 <em data-start=\"672\" data-end=\"688\">tous les croyants<\/em> qui souhaitent glorifier Dieu en partageant la mani\u00e8re dont J\u00e9sus a transform\u00e9 leur vie, leur a apport\u00e9 l'espoir, la gu\u00e9rison ou les a ramen\u00e9s \u00e0 la maison.<\/span><\/p><p><span style=\"color: #000000; font-size: 18px; font-family: georgia, palatino;\">Que ces t\u00e9moignages renforcent votre foi, inspirent votre cheminement et vous rappellent que <strong data-start=\"898\" data-end=\"938\">Dieu accomplit encore des miracles aujourd'hui.<\/strong><\/span><br data-start=\"938\" data-end=\"941\" \/><span style=\"color: #000000; font-size: 18px; font-family: georgia, palatino;\">S'Il l'a fait pour nous, il peut le faire pour vous aussi.<\/span><\/p><p><span style=\"font-size: 18px; font-family: georgia, palatino;\"><span style=\"color: #000000;\"> Veuillez utiliser <span style=\"color: #0000ff;\"><a style=\"color: #0000ff;\" href=\"https:\/\/mtchrist.com\/fr\/share-your-testimony\/\">ce lien<\/a><\/span> ou le bouton ci-dessous <\/span><span style=\"color: #000000;\">pour nous envoyer votre histoire.\u00a0<\/span><\/span><\/p><blockquote><p><span style=\"font-size: 18px; font-family: georgia, palatino;\"><strong><span style=\"color: #000000;\">\u00ab Venez et \u00e9coutez, vous tous qui craignez Dieu ; laissez-moi vous raconter ce qu'il a fait pour moi. \u00bb<\/span><\/strong><\/span><\/p><\/blockquote><p style=\"text-align: right;\"><span style=\"color: #000000; font-size: 18px; font-family: georgia, palatino;\"><strong><em>Psaume C66, V16<\/em><\/strong><\/span><\/p>\t\t\t\t\t\t\t\t<\/div>\n\t\t\t\t<\/div>\n\t\t\t\t\t<\/div>\n\t\t\t\t<\/div>\n\t\t<div class=\"elementor-element elementor-element-255a1db e-flex e-con-boxed e-con e-parent\" data-id=\"255a1db\" data-element_type=\"container\" data-e-type=\"container\">\n\t\t\t\t\t<div class=\"e-con-inner\">\n\t\t\t\t<div class=\"elementor-element elementor-element-9d5dda5 elementor-widget elementor-widget-shortcode\" data-id=\"9d5dda5\" data-element_type=\"widget\" data-e-type=\"widget\" data-widget_type=\"shortcode.default\">\n\t\t\t\t<div class=\"elementor-widget-container\">\n\t\t\t\t\t\t\t<div class=\"elementor-shortcode\"><div class=\"strong-view strong-view-id-1 default wpmtst-default slider-container slider-mode-fade slider-adaptive controls-style-buttons pager-type-full pager-style-buttons nav-position-inside\" data-count=\"2\" data-slider-var=\"strong_slider_id_1\" data-state=\"idle\"><div class=\"strong-content wpmslider-content\"><div class=\"wpmtst-testimonial testimonial excerpt t-slide post-8806\"><div class=\"wpmtst-testimonial-inner testimonial-inner\"><h3 class=\"wpmtst-testimonial-heading testimonial-heading\"><a href=\"https:\/\/mtchrist.com\/fr\/testimonial\/testimony-of-karine-meloche\/\" rel=\"bookmark\">T\u00e9moignage de Karine Meloche<\/a><\/h3><div data-infinite-loop=\"false\"   class=\"wpmtst-testimonial-content testimonial-content\"><div class=\"wpmtst-testimonial-image testimonial-image\"><img loading=\"lazy\" decoding=\"async\" width=\"150\" height=\"150\" src=\"https:\/\/mtchrist.com\/wp-content\/uploads\/2026\/03\/Karine-Meloche-150x150.png\" class=\"attachment-thumbnail size-thumbnail wp-post-image\" alt=\"\" srcset=\"https:\/\/mtchrist.com\/wp-content\/uploads\/2026\/03\/Karine-Meloche-150x150.png 150w, https:\/\/mtchrist.com\/wp-content\/uploads\/2026\/03\/Karine-Meloche-300x300.png 300w, https:\/\/mtchrist.com\/wp-content\/uploads\/2026\/03\/Karine-Meloche-768x768.png 768w, https:\/\/mtchrist.com\/wp-content\/uploads\/2026\/03\/Karine-Meloche-12x12.png 12w, https:\/\/mtchrist.com\/wp-content\/uploads\/2026\/03\/Karine-Meloche-75x75.png 75w, https:\/\/mtchrist.com\/wp-content\/uploads\/2026\/03\/Karine-Meloche-600x600.png 600w, https:\/\/mtchrist.com\/wp-content\/uploads\/2026\/03\/Karine-Meloche-100x100.png 100w, https:\/\/mtchrist.com\/wp-content\/uploads\/2026\/03\/Karine-Meloche.png 1024w\" sizes=\"(max-width: 150px) 100vw, 150px\" \/><\/div><div class=\"maybe-clear\"><\/div><p>What was your life like before Jesus? My life before Jesus was empty, dull, and meaningless. Having experienced rejection and abandonment, I had decided to do everything in my power to please others, so that they would notice me and acknowledge me. I adapted to every situation. I put on the appropriate mask and played&hellip; <a href=\"https:\/\/mtchrist.com\/fr\/testimonial\/testimony-of-karine-meloche\/\" class=\"readmore\">En savoir plus<span class=\"screen-reader-text\"> &#8220;Testimony Of Karine Meloche&#8221;<\/span><\/a><\/p><\/div><div class=\"clear\"><\/div><\/div><\/div><div class=\"wpmtst-testimonial testimonial excerpt t-slide post-6634\"><div class=\"wpmtst-testimonial-inner testimonial-inner\"><h3 class=\"wpmtst-testimonial-heading testimonial-heading\"><a href=\"https:\/\/mtchrist.com\/fr\/testimonial\/delivered-from-darkness\/\" rel=\"bookmark\">D\u00e9livr\u00e9 des t\u00e9n\u00e8bres<\/a><\/h3><div data-infinite-loop=\"false\"   class=\"wpmtst-testimonial-content testimonial-content\"><div class=\"wpmtst-testimonial-image testimonial-image\"><img loading=\"lazy\" decoding=\"async\" width=\"150\" height=\"150\" src=\"https:\/\/mtchrist.com\/wp-content\/uploads\/2024\/09\/81hQZcLcJgL._UX300_-e1763092457326-150x150.jpg\" class=\"attachment-thumbnail size-thumbnail wp-post-image\" alt=\"\" srcset=\"https:\/\/mtchrist.com\/wp-content\/uploads\/2024\/09\/81hQZcLcJgL._UX300_-e1763092457326-150x150.jpg 150w, https:\/\/mtchrist.com\/wp-content\/uploads\/2024\/09\/81hQZcLcJgL._UX300_-e1763092457326-100x100.jpg 100w, https:\/\/mtchrist.com\/wp-content\/uploads\/2024\/09\/81hQZcLcJgL._UX300_-e1763092457326-75x75.jpg 75w\" sizes=\"(max-width: 150px) 100vw, 150px\" \/><\/div><div class=\"maybe-clear\"><\/div><p>Ma vie \u00e9tait marqu\u00e9e par la solitude, le crime, la haine et les pens\u00e9es suicidaires. M\u00eame lorsque j'ai ouvert la porte aux t\u00e9n\u00e8bres et \u00e0 l'occultisme, J\u00e9sus ne m'a jamais abandonn\u00e9. Au moment o\u00f9 l'ennemi a tent\u00e9 de s'emparer de mon \u00e2me, Christ est intervenu et m'a sauv\u00e9. Apr\u00e8s de nombreuses ann\u00e9es de lutte, Il a bris\u00e9 mes cha\u00eenes et m'a r\u00e9v\u00e9l\u00e9 Son amour. Aujourd'hui, je suis le t\u00e9moignage vivant que J\u00e9sus sauve, restaure et transforme. Amen.\n\nTraduit avec DeepL.com (version gratuite) <a href=\"https:\/\/mtchrist.com\/fr\/testimonial\/delivered-from-darkness\/\" class=\"readmore\">En savoir plus<span class=\"screen-reader-text\"> &#8220;Delivered from darkness&#8221;<\/span><\/a><\/p><\/div><div class=\"clear\"><\/div><\/div><\/div><\/div><div class=\"readmore-page\"><a href=\"https:\/\/mtchrist.com\/fr\/mytestimony\/\">Lire plus de t\u00e9moignages<\/a><\/div><\/div><\/div>\n\t\t\t\t\t\t<\/div>\n\t\t\t\t<\/div>\n\t\t\t\t<div class=\"elementor-element elementor-element-7fe0c79 elementor-widget elementor-widget-spacer\" data-id=\"7fe0c79\" data-element_type=\"widget\" data-e-type=\"widget\" data-widget_type=\"spacer.default\">\n\t\t\t\t<div class=\"elementor-widget-container\">\n\t\t\t\t\t\t\t<div class=\"elementor-spacer\">\n\t\t\t<div class=\"elementor-spacer-inner\"><\/div>\n\t\t<\/div>\n\t\t\t\t\t\t<\/div>\n\t\t\t\t<\/div>\n\t\t\t\t\t<\/div>\n\t\t\t\t<\/div>\n\t\t<div class=\"elementor-element elementor-element-0d0a62d e-flex e-con-boxed e-con e-parent\" data-id=\"0d0a62d\" data-element_type=\"container\" data-e-type=\"container\">\n\t\t\t\t\t<div class=\"e-con-inner\">\n\t\t\t\t<div class=\"elementor-element elementor-element-2bb26a8 elementor-align-center elementor-widget elementor-widget-button\" data-id=\"2bb26a8\" data-element_type=\"widget\" data-e-type=\"widget\" data-settings=\"{&quot;_animation&quot;:&quot;none&quot;}\" data-widget_type=\"button.default\">\n\t\t\t\t<div class=\"elementor-widget-container\">\n\t\t\t\t\t\t\t\t\t<div class=\"elementor-button-wrapper\">\n\t\t\t\t\t<a class=\"elementor-button elementor-button-link elementor-size-sm elementor-animation-pulse\" href=\"https:\/\/mtchrist.com\/fr\/share-your-testimony\/\">\n\t\t\t\t\t\t<span class=\"elementor-button-content-wrapper\">\n\t\t\t\t\t\t\t\t\t<span class=\"elementor-button-text\">Je veux t\u00e9moigner au nom de J\u00e9sus<\/span>\n\t\t\t\t\t<\/span>\n\t\t\t\t\t<\/a>\n\t\t\t\t<\/div>\n\t\t\t\t\t\t\t\t<\/div>\n\t\t\t\t<\/div>\n\t\t\t\t\t<\/div>\n\t\t\t\t<\/div>\n\t\t<div class=\"elementor-element elementor-element-b9d6321 e-flex e-con-boxed e-con e-parent\" data-id=\"b9d6321\" data-element_type=\"container\" data-e-type=\"container\">\n\t\t\t\t\t<div class=\"e-con-inner\">\n\t\t\t\t<div class=\"elementor-element elementor-element-abe9b6f elementor-widget elementor-widget-html\" data-id=\"abe9b6f\" data-element_type=\"widget\" data-e-type=\"widget\" data-widget_type=\"html.default\">\n\t\t\t\t<div class=\"elementor-widget-container\">\n\t\t\t\t\t<a href=\"#\" onclick=\"window.open('https:\/\/www.sitelock.com\/verify.php?site=mtchrist.com','SiteLock','width=600,height=600,left=160,top=170');\" ><img decoding=\"async\" class=\"img-fluid\" alt=\"SiteLock\" title=\"SiteLock\" src=\"https:\/\/shield.sitelock.com\/shield\/mtchrist.com\" \/><\/a>\t\t\t\t<\/div>\n\t\t\t\t<\/div>\n\t\t\t\t<div class=\"elementor-element elementor-element-892ea26 elementor-widget elementor-widget-spacer\" data-id=\"892ea26\" data-element_type=\"widget\" data-e-type=\"widget\" data-widget_type=\"spacer.default\">\n\t\t\t\t<div class=\"elementor-widget-container\">\n\t\t\t\t\t\t\t<div class=\"elementor-spacer\">\n\t\t\t<div class=\"elementor-spacer-inner\"><\/div>\n\t\t<\/div>\n\t\t\t\t\t\t<\/div>\n\t\t\t\t<\/div>\n\t\t\t\t\t<\/div>\n\t\t\t\t<\/div>\n\t\t\t\t<\/div>","protected":false},"excerpt":{"rendered":"<p>My Testimony Testimonies of God\u2019s Grace at Work Every life touched by Jesus Christ becomes a living testimony.This page is a collection of real stories \u2014 moments where the light of Christ broke through darkness, healed wounds, restored hearts, and revealed the power of God\u2019s love. My own journey is shared here as a witness<a href=\"https:\/\/mtchrist.com\/fr\/mytestimony\/\" class=\"readmore\">En savoir plus<span class=\"screen-reader-text\"> &#8220;My Testimony&#8221;<\/span><\/a><\/p>","protected":false},"author":1,"featured_media":0,"parent":0,"menu_order":0,"comment_status":"closed","ping_status":"closed","template":"","meta":{"nf_dc_page":"","_uag_custom_page_level_css":"","site-sidebar-layout":"no-sidebar","site-content-layout":"plain-container","ast-site-content-layout":"normal-width-container","site-content-style":"unboxed","site-sidebar-style":"unboxed","ast-global-header-display":"","ast-banner-title-visibility":"","ast-main-header-display":"","ast-hfb-above-header-display":"","ast-hfb-below-header-display":"","ast-hfb-mobile-header-display":"","site-post-title":"disabled","ast-breadcrumbs-content":"disabled","ast-featured-img":"disabled","footer-sml-layout":"","ast-disable-related-posts":"","theme-transparent-header-meta":"disabled","adv-header-id-meta":"","stick-header-meta":"","header-above-stick-meta":"","header-main-stick-meta":"","header-below-stick-meta":"","astra-migrate-meta-layouts":"set","ast-page-background-enabled":"default","ast-page-background-meta":{"desktop":{"background-color":"var(--ast-global-color-4)","background-image":"","background-repeat":"repeat","background-position":"center center","background-size":"auto","background-attachment":"scroll","background-type":"","background-media":"","overlay-type":"","overlay-color":"","overlay-opacity":"","overlay-gradient":""},"tablet":{"background-color":"","background-image":"","background-repeat":"repeat","background-position":"center center","background-size":"auto","background-attachment":"scroll","background-type":"","background-media":"","overlay-type":"","overlay-color":"","overlay-opacity":"","overlay-gradient":""},"mobile":{"background-color":"","background-image":"","background-repeat":"repeat","background-position":"center center","background-size":"auto","background-attachment":"scroll","background-type":"","background-media":"","overlay-type":"","overlay-color":"","overlay-opacity":"","overlay-gradient":""}},"ast-content-background-meta":{"desktop":{"background-color":"var(--ast-global-color-5)","background-image":"","background-repeat":"repeat","background-position":"center center","background-size":"auto","background-attachment":"scroll","background-type":"","background-media":"","overlay-type":"","overlay-color":"","overlay-opacity":"","overlay-gradient":""},"tablet":{"background-color":"var(--ast-global-color-5)","background-image":"","background-repeat":"repeat","background-position":"center center","background-size":"auto","background-attachment":"scroll","background-type":"","background-media":"","overlay-type":"","overlay-color":"","overlay-opacity":"","overlay-gradient":""},"mobile":{"background-color":"var(--ast-global-color-5)","background-image":"","background-repeat":"repeat","background-position":"center center","background-size":"auto","background-attachment":"scroll","background-type":"","background-media":"","overlay-type":"","overlay-color":"","overlay-opacity":"","overlay-gradient":""}},"footnotes":""},"class_list":["post-1026","page","type-page","status-publish","hentry"],"uagb_featured_image_src":{"full":false,"thumbnail":false,"medium":false,"medium_large":false,"large":false,"1536x1536":false,"2048x2048":false,"trp-custom-language-flag":false,"widget-thumbnail":false,"woocommerce_thumbnail":false,"woocommerce_single":false,"woocommerce_gallery_thumbnail":false},"uagb_author_info":{"display_name":"Daniel","author_link":"https:\/\/mtchrist.com\/fr\/author\/daniel\/"},"uagb_comment_info":0,"uagb_excerpt":"My Testimony Testimonies of God\u2019s Grace at Work Every life touched by Jesus Christ becomes a living testimony.This page is a collection of real stories \u2014 moments where the light of Christ broke through darkness, healed wounds, restored hearts, and revealed the power of God\u2019s love. My own journey is shared here as a witnessRead\u2026","_links":{"self":[{"href":"https:\/\/mtchrist.com\/fr\/wp-json\/wp\/v2\/pages\/1026","targetHints":{"allow":["GET"]}}],"collection":[{"href":"https:\/\/mtchrist.com\/fr\/wp-json\/wp\/v2\/pages"}],"about":[{"href":"https:\/\/mtchrist.com\/fr\/wp-json\/wp\/v2\/types\/page"}],"author":[{"embeddable":true,"href":"https:\/\/mtchrist.com\/fr\/wp-json\/wp\/v2\/users\/1"}],"replies":[{"embeddable":true,"href":"https:\/\/mtchrist.com\/fr\/wp-json\/wp\/v2\/comments?post=1026"}],"version-history":[{"count":5,"href":"https:\/\/mtchrist.com\/fr\/wp-json\/wp\/v2\/pages\/1026\/revisions"}],"predecessor-version":[{"id":8934,"href":"https:\/\/mtchrist.com\/fr\/wp-json\/wp\/v2\/pages\/1026\/revisions\/8934"}],"wp:attachment":[{"href":"https:\/\/mtchrist.com\/fr\/wp-json\/wp\/v2\/media?parent=1026"}],"curies":[{"name":"wp","href":"https:\/\/api.w.org\/{rel}","templated":true}]}}