{"id":4738,"date":"2025-01-24T11:19:14","date_gmt":"2025-01-24T16:19:14","guid":{"rendered":"https:\/\/mtchrist.com\/?page_id=4738"},"modified":"2026-03-31T21:10:50","modified_gmt":"2026-04-01T01:10:50","slug":"privacy-policy-terms-refund-disclaimer","status":"publish","type":"page","link":"https:\/\/mtchrist.com\/fr\/privacy-policy-terms-refund-disclaimer\/","title":{"rendered":"Clause Non-Responsabilit\u00e9"},"content":{"rendered":"<div data-elementor-type=\"wp-page\" data-elementor-id=\"4738\" class=\"elementor elementor-4738\" data-elementor-post-type=\"page\">\n\t\t\t\t<div class=\"elementor-element elementor-element-29308d8 e-con-full e-flex e-con e-parent\" data-id=\"29308d8\" data-element_type=\"container\" data-e-type=\"container\">\n\t\t\t\t<div class=\"elementor-element elementor-element-794c316 elementor-widget__width-inherit elementor-widget-tablet__width-inherit elementor-widget elementor-widget-image\" data-id=\"794c316\" data-element_type=\"widget\" data-e-type=\"widget\" data-widget_type=\"image.default\">\n\t\t\t\t<div class=\"elementor-widget-container\">\n\t\t\t\t\t\t\t\t\t\t\t\t\t\t\t<img fetchpriority=\"high\" decoding=\"async\" width=\"2560\" height=\"1707\" src=\"https:\/\/mtchrist.com\/wp-content\/uploads\/2025\/01\/pexels-fauxels-3184465-scaled.jpg\" class=\"attachment-full size-full wp-image-5447\" alt=\"\" srcset=\"https:\/\/mtchrist.com\/wp-content\/uploads\/2025\/01\/pexels-fauxels-3184465-scaled.jpg 2560w, https:\/\/mtchrist.com\/wp-content\/uploads\/2025\/01\/pexels-fauxels-3184465-300x200.jpg 300w, https:\/\/mtchrist.com\/wp-content\/uploads\/2025\/01\/pexels-fauxels-3184465-1024x683.jpg 1024w, https:\/\/mtchrist.com\/wp-content\/uploads\/2025\/01\/pexels-fauxels-3184465-768x512.jpg 768w, https:\/\/mtchrist.com\/wp-content\/uploads\/2025\/01\/pexels-fauxels-3184465-1536x1024.jpg 1536w, https:\/\/mtchrist.com\/wp-content\/uploads\/2025\/01\/pexels-fauxels-3184465-2048x1365.jpg 2048w, https:\/\/mtchrist.com\/wp-content\/uploads\/2025\/01\/pexels-fauxels-3184465-18x12.jpg 18w\" sizes=\"(max-width: 2560px) 100vw, 2560px\" \/>\t\t\t\t\t\t\t\t\t\t\t\t\t\t\t<\/div>\n\t\t\t\t<\/div>\n\t\t\t\t<div class=\"elementor-element elementor-element-de89659 elementor-widget__width-inherit elementor-invisible elementor-widget elementor-widget-heading\" data-id=\"de89659\" data-element_type=\"widget\" data-e-type=\"widget\" data-settings=\"{&quot;_animation&quot;:&quot;slideInRight&quot;}\" data-widget_type=\"heading.default\">\n\t\t\t\t<div class=\"elementor-widget-container\">\n\t\t\t\t\t<h2 class=\"elementor-heading-title elementor-size-default\">Clause Non-Responsabilit\u00e9<\/h2>\t\t\t\t<\/div>\n\t\t\t\t<\/div>\n\t\t\t\t<\/div>\n\t\t<div class=\"elementor-element elementor-element-ae92f54 e-con-full e-flex e-con e-parent\" data-id=\"ae92f54\" data-element_type=\"container\" data-e-type=\"container\">\n\t\t\t\t<div class=\"elementor-element elementor-element-d9d7e4a elementor-widget__width-inherit elementor-widget elementor-widget-text-editor\" data-id=\"d9d7e4a\" data-element_type=\"widget\" data-e-type=\"widget\" data-widget_type=\"text-editor.default\">\n\t\t\t\t<div class=\"elementor-widget-container\">\n\t\t\t\t\t\t\t\t\t<p style=\"text-align: left;\" data-start=\"335\" data-end=\"519\"><span style=\"font-size: 16px;\">Les informations fournies sur <strong data-start=\"363\" data-end=\"379\">mtChrist.com<\/strong> sont pour <strong data-start=\"387\" data-end=\"436\">des fins d'inspiration et d'information uniquement<\/strong>.<\/span><br data-start=\"437\" data-end=\"440\" \/><span style=\"font-size: 16px;\">En visitant et en utilisant ce site Web, vous reconnaissez et acceptez ce qui suit :<\/span><\/p><hr data-start=\"521\" data-end=\"524\" \/><h2 style=\"text-align: left;\" data-start=\"526\" data-end=\"549\"><span style=\"font-size: 20px;\">1. Contenu spirituel<\/span><\/h2><ul style=\"text-align: left;\" data-start=\"551\" data-end=\"848\"><li data-start=\"551\" data-end=\"692\"><p data-start=\"553\" data-end=\"692\"><span style=\"font-size: 16px;\">Les messages, t\u00e9moignages, pri\u00e8res, passages bibliques et autres contenus spirituels partag\u00e9s sur ce site web refl\u00e8tent <strong data-start=\"660\" data-end=\"689\">foi et croyance personnelles<\/strong>.<\/span><\/p><\/li><li data-start=\"693\" data-end=\"771\"><p data-start=\"695\" data-end=\"771\"><span style=\"font-size: 16px;\">Ils sont destin\u00e9s \u00e0 <strong data-start=\"716\" data-end=\"741\">encourager et inspirer<\/strong>, et non pas pour instruire ou imposer.<\/span><\/p><\/li><li data-start=\"772\" data-end=\"848\"><p data-start=\"774\" data-end=\"848\"><span style=\"font-size: 16px;\">Chaque visiteur est responsable de la mani\u00e8re dont il interpr\u00e8te et applique le contenu.<\/span><\/p><\/li><\/ul><hr data-start=\"850\" data-end=\"853\" \/><h2 style=\"text-align: left;\" data-start=\"855\" data-end=\"883\"><span style=\"font-size: 20px;\">2. Aucun conseil professionnel<\/span><\/h2><p style=\"text-align: left;\" data-start=\"885\" data-end=\"990\"><span style=\"font-size: 16px;\">Le contenu de ce site web <strong data-start=\"918\" data-end=\"987\">ne constitue pas un avis juridique, m\u00e9dical, psychologique ou financier<\/strong>.<\/span><\/p><ul style=\"text-align: left;\" data-start=\"991\" data-end=\"1174\"><li data-start=\"991\" data-end=\"1101\"><p data-start=\"993\" data-end=\"1101\"><span style=\"font-size: 16px;\">Vous devriez toujours consulter des professionnels qualifi\u00e9s pour toute d\u00e9cision personnelle, juridique, m\u00e9dicale ou financi\u00e8re.<\/span><\/p><\/li><li data-start=\"1102\" data-end=\"1174\"><p data-start=\"1104\" data-end=\"1174\"><span style=\"font-size: 16px;\">La confiance accord\u00e9e \u00e0 toute information provenant de ce site web est <strong data-start=\"1153\" data-end=\"1173\">\u00e0 vos propres risques<\/strong>.<\/span><\/p><\/li><\/ul><hr data-start=\"1176\" data-end=\"1179\" \/><h2 style=\"text-align: left;\" data-start=\"1181\" data-end=\"1208\"><span style=\"font-size: 20px;\">3. Produits et services<\/span><\/h2><ul style=\"text-align: left;\" data-start=\"1210\" data-end=\"1602\"><li data-start=\"1210\" data-end=\"1324\"><p data-start=\"1212\" data-end=\"1324\"><span style=\"font-size: 16px;\">Nous proposons des produits physiques (tels que des t-shirts) et des produits num\u00e9riques (livres \u00e9lectroniques) via des <strong data-start=\"1296\" data-end=\"1321\">fournisseurs tiers<\/strong>.<\/span><\/p><\/li><li data-start=\"1325\" data-end=\"1488\"><p data-start=\"1327\" data-end=\"1488\"><span style=\"font-size: 16px;\">Bien que nous mettions tout en \u0153uvre pour garantir l'exactitude des informations fournies, nous ne pouvons garantir la disponibilit\u00e9 des produits, les d\u00e9lais de livraison, ni que les produits r\u00e9pondront \u00e0 toutes les attentes personnelles.<\/span><\/p><\/li><li data-start=\"1489\" data-end=\"1602\"><p data-start=\"1491\" data-end=\"1602\"><span style=\"font-size: 16px;\">Tout probl\u00e8me li\u00e9 \u00e0 des d\u00e9fauts du produit ou \u00e0 des retards de livraison sera trait\u00e9 conform\u00e9ment \u00e0 notre <a href=\"https:\/\/mtchrist.com\/fr\/refund-policy\/\"><strong data-start=\"1575\" data-end=\"1601\">Politique de remboursement et de retour<\/strong><\/a>.<\/span><\/p><\/li><\/ul><hr data-start=\"1604\" data-end=\"1607\" \/><h2 style=\"text-align: left;\" data-start=\"1609\" data-end=\"1629\"><span style=\"font-size: 20px;\">4. Liens externes<\/span><\/h2><p style=\"text-align: left;\" data-start=\"1631\" data-end=\"1727\"><span style=\"font-size: 16px;\">Ce site Web peut contenir des liens vers des sites externes (par exemple, Amazon, Printify ou d'autres ressources).<\/span><\/p><ul style=\"text-align: left;\" data-start=\"1728\" data-end=\"1873\"><li data-start=\"1728\" data-end=\"1772\"><p data-start=\"1730\" data-end=\"1772\"><span style=\"font-size: 16px;\">Ces informations sont fournies pour votre commodit\u00e9.<\/span><\/p><\/li><li data-start=\"1773\" data-end=\"1873\"><p data-start=\"1775\" data-end=\"1873\"><span style=\"font-size: 16px;\">Nous ne sommes pas responsables du contenu, des pratiques en mati\u00e8re de confidentialit\u00e9 ou de l'exactitude des sites Web tiers.<\/span><\/p><\/li><\/ul><hr data-start=\"1875\" data-end=\"1878\" \/><h2 style=\"text-align: left;\" data-start=\"1880\" data-end=\"1909\"><span style=\"font-size: 20px;\">5. Limitation de responsabilit\u00e9<\/span><\/h2><p style=\"text-align: left;\" data-start=\"1911\" data-end=\"1952\"><span style=\"font-size: 16px;\">Dans toute la mesure permise par la loi :<\/span><\/p><ul style=\"text-align: left;\" data-start=\"1953\" data-end=\"2180\"><li data-start=\"1953\" data-end=\"2099\"><p data-start=\"1955\" data-end=\"2099\"><span style=\"font-size: 16px;\">Nous sommes <strong data-start=\"1962\" data-end=\"1976\">non responsable<\/strong> pour toute perte, blessure ou dommage, direct ou indirect, r\u00e9sultant de votre utilisation de ce site Web, des produits ou des ressources li\u00e9es.<\/span><\/p><\/li><li data-start=\"2100\" data-end=\"2180\"><p data-start=\"2102\" data-end=\"2180\"><span style=\"font-size: 16px;\">Vous utilisez ce site Web et son contenu \u00e0 votre enti\u00e8re discr\u00e9tion et \u00e0 vos propres risques.<\/span><\/p><\/li><\/ul><hr data-start=\"2182\" data-end=\"2185\" \/><h2 style=\"text-align: left;\" data-start=\"2187\" data-end=\"2219\"><span style=\"font-size: 20px;\">6. Mises \u00e0 jour de la pr\u00e9sente clause de non-responsabilit\u00e9<\/span><\/h2><p style=\"text-align: left;\" data-start=\"2221\" data-end=\"2400\"><span style=\"font-size: 16px;\">Nous pouvons mettre \u00e0 jour cette clause de non-responsabilit\u00e9 de temps \u00e0 autre afin de refl\u00e9ter les changements juridiques, pratiques ou op\u00e9rationnels.<\/span><br data-start=\"2321\" data-end=\"2324\" \/><span style=\"font-size: 16px;\">Toutes les modifications seront publi\u00e9es sur cette page.<\/span><\/p><hr data-start=\"2402\" data-end=\"2405\" \/><h2 style=\"text-align: left;\" data-start=\"2407\" data-end=\"2420\"><span style=\"font-size: 20px;\">7. Contact<\/span><\/h2><p style=\"text-align: left;\" data-start=\"2422\" data-end=\"2560\"><span style=\"font-size: 16px;\">Pour toute question concernant la pr\u00e9sente clause de non-responsabilit\u00e9, veuillez contacter :<\/span><br data-start=\"2478\" data-end=\"2481\" \/><span style=\"font-size: 16px;\">\ud83d\udce9 <span style=\"color: #0000ff;\"><strong data-start=\"2484\" data-end=\"2510\"><a class=\"decorated-link cursor-pointer\" style=\"color: #0000ff;\" rel=\"noopener\" data-start=\"2486\" data-end=\"2508\">info@mtchrist.com<\/a><\/strong><\/span><\/span><br data-start=\"2510\" data-end=\"2513\" \/><span style=\"font-size: 16px;\">\ud83c\udf10 <span style=\"color: #0000ff;\"><a class=\"decorated-link\" style=\"color: #0000ff;\" href=\"https:\/\/mtchrist.com\/fr\/contact\/\" rel=\"noopener\" data-start=\"2516\" data-end=\"2560\">https:\/\/mtchrist.com<\/a>\/contact<\/span><\/span><\/p>\t\t\t\t\t\t\t\t<\/div>\n\t\t\t\t<\/div>\n\t\t\t\t<\/div>\n\t\t<div class=\"elementor-element elementor-element-f46a349 e-flex e-con-boxed e-con e-parent\" data-id=\"f46a349\" data-element_type=\"container\" data-e-type=\"container\">\n\t\t\t\t\t<div class=\"e-con-inner\">\n\t\t\t\t<div class=\"elementor-element elementor-element-f8818c3 elementor-widget elementor-widget-html\" data-id=\"f8818c3\" data-element_type=\"widget\" data-e-type=\"widget\" data-widget_type=\"html.default\">\n\t\t\t\t<div class=\"elementor-widget-container\">\n\t\t\t\t\t<a href=\"#\" onclick=\"window.open('https:\/\/www.sitelock.com\/verify.php?site=mtchrist.com','SiteLock','width=600,height=600,left=160,top=170');\" ><img decoding=\"async\" class=\"img-fluid\" alt=\"SiteLock\" title=\"SiteLock\" src=\"https:\/\/shield.sitelock.com\/shield\/mtchrist.com\" \/><\/a>\t\t\t\t<\/div>\n\t\t\t\t<\/div>\n\t\t\t\t<div class=\"elementor-element elementor-element-fa277d6 elementor-widget elementor-widget-spacer\" data-id=\"fa277d6\" data-element_type=\"widget\" data-e-type=\"widget\" data-widget_type=\"spacer.default\">\n\t\t\t\t<div class=\"elementor-widget-container\">\n\t\t\t\t\t\t\t<div class=\"elementor-spacer\">\n\t\t\t<div class=\"elementor-spacer-inner\"><\/div>\n\t\t<\/div>\n\t\t\t\t\t\t<\/div>\n\t\t\t\t<\/div>\n\t\t\t\t<div class=\"elementor-element elementor-element-73a9a5c elementor-widget elementor-widget-spacer\" data-id=\"73a9a5c\" data-element_type=\"widget\" data-e-type=\"widget\" data-widget_type=\"spacer.default\">\n\t\t\t\t<div class=\"elementor-widget-container\">\n\t\t\t\t\t\t\t<div class=\"elementor-spacer\">\n\t\t\t<div class=\"elementor-spacer-inner\"><\/div>\n\t\t<\/div>\n\t\t\t\t\t\t<\/div>\n\t\t\t\t<\/div>\n\t\t\t\t\t<\/div>\n\t\t\t\t<\/div>\n\t\t\t\t<\/div>","protected":false},"excerpt":{"rendered":"<p>Disclaimer The information provided on mtChrist.com is for inspirational and informational purposes only.By visiting and using this website, you acknowledge and agree to the following: 1. Spiritual Content The messages, testimonies, prayers, scriptures, and other spiritual content shared on this website reflect personal faith and belief. They are intended to encourage and inspire, not to [&hellip;]<\/p>\n","protected":false},"author":1,"featured_media":0,"parent":0,"menu_order":0,"comment_status":"closed","ping_status":"closed","template":"","meta":{"nf_dc_page":"","_uag_custom_page_level_css":"","site-sidebar-layout":"no-sidebar","site-content-layout":"page-builder","ast-site-content-layout":"full-width-container","site-content-style":"default","site-sidebar-style":"default","ast-global-header-display":"","ast-banner-title-visibility":"","ast-main-header-display":"","ast-hfb-above-header-display":"","ast-hfb-below-header-display":"","ast-hfb-mobile-header-display":"","site-post-title":"disabled","ast-breadcrumbs-content":"","ast-featured-img":"disabled","footer-sml-layout":"","ast-disable-related-posts":"","theme-transparent-header-meta":"","adv-header-id-meta":"","stick-header-meta":"","header-above-stick-meta":"","header-main-stick-meta":"","header-below-stick-meta":"","astra-migrate-meta-layouts":"set","ast-page-background-enabled":"default","ast-page-background-meta":{"desktop":{"background-color":"var(--ast-global-color-4)","background-image":"","background-repeat":"repeat","background-position":"center center","background-size":"auto","background-attachment":"scroll","background-type":"","background-media":"","overlay-type":"","overlay-color":"","overlay-opacity":"","overlay-gradient":""},"tablet":{"background-color":"","background-image":"","background-repeat":"repeat","background-position":"center center","background-size":"auto","background-attachment":"scroll","background-type":"","background-media":"","overlay-type":"","overlay-color":"","overlay-opacity":"","overlay-gradient":""},"mobile":{"background-color":"","background-image":"","background-repeat":"repeat","background-position":"center center","background-size":"auto","background-attachment":"scroll","background-type":"","background-media":"","overlay-type":"","overlay-color":"","overlay-opacity":"","overlay-gradient":""}},"ast-content-background-meta":{"desktop":{"background-color":"var(--ast-global-color-5)","background-image":"","background-repeat":"repeat","background-position":"center center","background-size":"auto","background-attachment":"scroll","background-type":"","background-media":"","overlay-type":"","overlay-color":"","overlay-opacity":"","overlay-gradient":""},"tablet":{"background-color":"var(--ast-global-color-5)","background-image":"","background-repeat":"repeat","background-position":"center center","background-size":"auto","background-attachment":"scroll","background-type":"","background-media":"","overlay-type":"","overlay-color":"","overlay-opacity":"","overlay-gradient":""},"mobile":{"background-color":"var(--ast-global-color-5)","background-image":"","background-repeat":"repeat","background-position":"center center","background-size":"auto","background-attachment":"scroll","background-type":"","background-media":"","overlay-type":"","overlay-color":"","overlay-opacity":"","overlay-gradient":""}},"footnotes":""},"class_list":["post-4738","page","type-page","status-publish","hentry"],"uagb_featured_image_src":{"full":false,"thumbnail":false,"medium":false,"medium_large":false,"large":false,"1536x1536":false,"2048x2048":false,"trp-custom-language-flag":false,"widget-thumbnail":false,"woocommerce_thumbnail":false,"woocommerce_single":false,"woocommerce_gallery_thumbnail":false},"uagb_author_info":{"display_name":"Daniel","author_link":"https:\/\/mtchrist.com\/fr\/author\/daniel\/"},"uagb_comment_info":0,"uagb_excerpt":"Disclaimer The information provided on mtChrist.com is for inspirational and informational purposes only.By visiting and using this website, you acknowledge and agree to the following: 1. Spiritual Content The messages, testimonies, prayers, scriptures, and other spiritual content shared on this website reflect personal faith and belief. They are intended to encourage and inspire, not to\u2026","_links":{"self":[{"href":"https:\/\/mtchrist.com\/fr\/wp-json\/wp\/v2\/pages\/4738","targetHints":{"allow":["GET"]}}],"collection":[{"href":"https:\/\/mtchrist.com\/fr\/wp-json\/wp\/v2\/pages"}],"about":[{"href":"https:\/\/mtchrist.com\/fr\/wp-json\/wp\/v2\/types\/page"}],"author":[{"embeddable":true,"href":"https:\/\/mtchrist.com\/fr\/wp-json\/wp\/v2\/users\/1"}],"replies":[{"embeddable":true,"href":"https:\/\/mtchrist.com\/fr\/wp-json\/wp\/v2\/comments?post=4738"}],"version-history":[{"count":5,"href":"https:\/\/mtchrist.com\/fr\/wp-json\/wp\/v2\/pages\/4738\/revisions"}],"predecessor-version":[{"id":8910,"href":"https:\/\/mtchrist.com\/fr\/wp-json\/wp\/v2\/pages\/4738\/revisions\/8910"}],"wp:attachment":[{"href":"https:\/\/mtchrist.com\/fr\/wp-json\/wp\/v2\/media?parent=4738"}],"curies":[{"name":"wp","href":"https:\/\/api.w.org\/{rel}","templated":true}]}}