{"id":6138,"date":"2025-10-15T21:51:26","date_gmt":"2025-10-16T01:51:26","guid":{"rendered":"https:\/\/mtchrist.com\/?page_id=6138"},"modified":"2026-03-31T21:07:26","modified_gmt":"2026-04-01T01:07:26","slug":"privacy-policy","status":"publish","type":"page","link":"https:\/\/mtchrist.com\/fr\/privacy-policy\/","title":{"rendered":"Politique de Confidentialit\u00e9"},"content":{"rendered":"<div data-elementor-type=\"wp-page\" data-elementor-id=\"6138\" class=\"elementor elementor-6138\" data-elementor-post-type=\"page\">\n\t\t\t\t<div class=\"elementor-element elementor-element-6d3ee71 e-flex e-con-boxed e-con e-parent\" data-id=\"6d3ee71\" data-element_type=\"container\" data-e-type=\"container\">\n\t\t\t\t\t<div class=\"e-con-inner\">\n\t\t\t\t<div class=\"elementor-element elementor-element-ac0a180 elementor-widget__width-inherit elementor-widget elementor-widget-image\" data-id=\"ac0a180\" data-element_type=\"widget\" data-e-type=\"widget\" data-widget_type=\"image.default\">\n\t\t\t\t<div class=\"elementor-widget-container\">\n\t\t\t\t\t\t\t\t\t\t\t\t\t\t\t<img fetchpriority=\"high\" decoding=\"async\" width=\"2560\" height=\"1707\" src=\"https:\/\/mtchrist.com\/wp-content\/uploads\/2025\/10\/pexels-sora-shimazaki-5668494-scaled.jpg\" class=\"attachment-full size-full wp-image-6250\" alt=\"\" srcset=\"https:\/\/mtchrist.com\/wp-content\/uploads\/2025\/10\/pexels-sora-shimazaki-5668494-scaled.jpg 2560w, https:\/\/mtchrist.com\/wp-content\/uploads\/2025\/10\/pexels-sora-shimazaki-5668494-300x200.jpg 300w, https:\/\/mtchrist.com\/wp-content\/uploads\/2025\/10\/pexels-sora-shimazaki-5668494-1024x683.jpg 1024w, https:\/\/mtchrist.com\/wp-content\/uploads\/2025\/10\/pexels-sora-shimazaki-5668494-768x512.jpg 768w, https:\/\/mtchrist.com\/wp-content\/uploads\/2025\/10\/pexels-sora-shimazaki-5668494-1536x1024.jpg 1536w, https:\/\/mtchrist.com\/wp-content\/uploads\/2025\/10\/pexels-sora-shimazaki-5668494-2048x1365.jpg 2048w, https:\/\/mtchrist.com\/wp-content\/uploads\/2025\/10\/pexels-sora-shimazaki-5668494-18x12.jpg 18w, https:\/\/mtchrist.com\/wp-content\/uploads\/2025\/10\/pexels-sora-shimazaki-5668494-600x400.jpg 600w\" sizes=\"(max-width: 2560px) 100vw, 2560px\" \/>\t\t\t\t\t\t\t\t\t\t\t\t\t\t\t<\/div>\n\t\t\t\t<\/div>\n\t\t\t\t<div class=\"elementor-element elementor-element-2a5e5b9 elementor-widget__width-inherit elementor-invisible elementor-widget elementor-widget-heading\" data-id=\"2a5e5b9\" data-element_type=\"widget\" data-e-type=\"widget\" data-settings=\"{&quot;_animation&quot;:&quot;slideInRight&quot;}\" data-widget_type=\"heading.default\">\n\t\t\t\t<div class=\"elementor-widget-container\">\n\t\t\t\t\t<h2 class=\"elementor-heading-title elementor-size-default\">Politique de Confidentialit\u00e9<\/h2>\t\t\t\t<\/div>\n\t\t\t\t<\/div>\n\t\t\t\t<div class=\"elementor-element elementor-element-310913f elementor-widget elementor-widget-spacer\" data-id=\"310913f\" data-element_type=\"widget\" data-e-type=\"widget\" data-widget_type=\"spacer.default\">\n\t\t\t\t<div class=\"elementor-widget-container\">\n\t\t\t\t\t\t\t<div class=\"elementor-spacer\">\n\t\t\t<div class=\"elementor-spacer-inner\"><\/div>\n\t\t<\/div>\n\t\t\t\t\t\t<\/div>\n\t\t\t\t<\/div>\n\t\t\t\t<div class=\"elementor-element elementor-element-307f263 elementor-widget elementor-widget-text-editor\" data-id=\"307f263\" data-element_type=\"widget\" data-e-type=\"widget\" data-widget_type=\"text-editor.default\">\n\t\t\t\t<div class=\"elementor-widget-container\">\n\t\t\t\t\t\t\t\t\t<p data-start=\"397\" data-end=\"669\"><span style=\"color: #000000;\">Chez <strong>mtChrist.com<\/strong>, nous respectons votre vie priv\u00e9e et nous engageons \u00e0 prot\u00e9ger vos informations personnelles.<\/span><br data-start=\"500\" data-end=\"503\" \/><span style=\"color: #000000;\">La pr\u00e9sente politique de confidentialit\u00e9 explique quelles informations nous collectons, comment nous les utilisons et les choix qui s'offrent \u00e0 vous lorsque vous utilisez notre site web<\/span> <span style=\"color: #0000ff;\"><a class=\"decorated-link\" style=\"color: #0000ff;\" href=\"https:\/\/mtchrist.com\/fr\/?utm_source=chatgpt.com\" target=\"_new\" rel=\"noopener\" data-start=\"624\" data-end=\"668\">https:\/\/mtchrist.com<\/a><\/span>.<\/p><hr data-start=\"671\" data-end=\"674\" \/><h2 data-start=\"676\" data-end=\"704\"><span style=\"font-size: 20px;\">1. Information<\/span> <span style=\"font-size: 20px;\">nous collectons<\/span><\/h2><h3 data-start=\"706\" data-end=\"733\"><span style=\"font-size: 20px;\">a. Informations Personnelles<\/span><\/h3><p data-start=\"734\" data-end=\"796\"><span style=\"color: #000000;\">Nous recueillons les informations personnelles que vous fournissez volontairement lorsque :<\/span><\/p><ul data-start=\"797\" data-end=\"929\"><li data-start=\"797\" data-end=\"840\"><p data-start=\"799\" data-end=\"840\"><span style=\"color: #000000;\">Cr\u00e9er un compte ou passer une commande<\/span><\/p><\/li><li data-start=\"841\" data-end=\"890\"><p data-start=\"843\" data-end=\"890\"><span style=\"color: #000000;\">S'abonner \u00e0 une newsletter ou \u00e0 des mises \u00e0 jour de pri\u00e8res<\/span><\/p><\/li><li data-start=\"891\" data-end=\"929\"><p data-start=\"893\" data-end=\"929\"><span style=\"color: #000000;\">Nous contacter via les formulaires ou par e-mail<\/span><\/p><\/li><\/ul><p data-start=\"931\" data-end=\"948\"><span style=\"color: #000000;\">Cela peut inclure :<\/span><\/p><ul data-start=\"949\" data-end=\"1015\"><li data-start=\"949\" data-end=\"962\"><p data-start=\"951\" data-end=\"962\"><span style=\"color: #000000;\">Nom complet<\/span><\/p><\/li><li data-start=\"963\" data-end=\"980\"><p data-start=\"965\" data-end=\"980\"><span style=\"color: #000000;\">Adresse \u00e9lectronique<\/span><\/p><\/li><li data-start=\"981\" data-end=\"1015\"><p data-start=\"983\" data-end=\"1015\"><span style=\"color: #000000;\">Informations relatives \u00e0 la facturation et \u00e0 l'exp\u00e9dition<\/span><\/p><\/li><\/ul><h3 data-start=\"1017\" data-end=\"1048\"><span style=\"font-size: 20px;\">b. Informations non personnelles<\/span><\/h3><p data-start=\"1049\" data-end=\"1069\"><span style=\"color: #000000;\">Nous pouvons \u00e9galement collecter :<\/span><\/p><ul data-start=\"1070\" data-end=\"1183\"><li data-start=\"1070\" data-end=\"1103\"><p data-start=\"1072\" data-end=\"1103\"><span style=\"color: #000000;\">Adresses IP et type de navigateur<\/span><\/p><\/li><li data-start=\"1104\" data-end=\"1134\"><p data-start=\"1106\" data-end=\"1134\"><span style=\"color: #000000;\">Utilisation du site et donn\u00e9es relatives aux appareils<\/span><\/p><\/li><li data-start=\"1135\" data-end=\"1183\"><p data-start=\"1137\" data-end=\"1183\"><span style=\"color: #000000;\">Informations collect\u00e9es par le biais de cookies ou d'outils d'analyse<\/span><\/p><\/li><\/ul><hr data-start=\"1185\" data-end=\"1188\" \/><h2 data-start=\"1190\" data-end=\"1223\"><span style=\"font-size: 20px;\">2. Comment nous utilisons vos informations<\/span><\/h2><p data-start=\"1224\" data-end=\"1251\"><span style=\"color: #000000;\">Nous utilisons vos informations pour :<\/span><\/p><ul data-start=\"1252\" data-end=\"1504\"><li data-start=\"1252\" data-end=\"1282\"><p data-start=\"1254\" data-end=\"1282\"><span style=\"color: #000000;\">Traiter et livrer les commandes<\/span><\/p><\/li><li data-start=\"1283\" data-end=\"1327\"><p data-start=\"1285\" data-end=\"1327\"><span style=\"color: #000000;\">R\u00e9pondre aux demandes de renseignements et aux demandes de pri\u00e8re<\/span><\/p><\/li><li data-start=\"1328\" data-end=\"1424\"><p data-start=\"1330\" data-end=\"1424\"><span style=\"color: #000000;\">Send order confirmations, shipping updates, or email<\/span> <span style=\"color: #000000;\">communications (only if you subscribed)<\/span><\/p><\/li><li data-start=\"1425\" data-end=\"1472\"><p data-start=\"1427\" data-end=\"1472\"><span style=\"color: #000000;\">Am\u00e9liorer notre site Web, nos produits et nos services<\/span><\/p><\/li><li data-start=\"1473\" data-end=\"1504\"><p data-start=\"1475\" data-end=\"1504\"><span style=\"color: #000000;\">Respecter les obligations l\u00e9gales<\/span><\/p><\/li><\/ul><p data-start=\"1506\" data-end=\"1552\" class=\"translation-block\">Nous ne vendons ni ne louons vos donn\u00e9es personnelles.<\/p><hr data-start=\"1554\" data-end=\"1557\" \/><h2 data-start=\"1559\" data-end=\"1589\"><span style=\"font-size: 20px;\">3. Comment nous partageons les informations<\/span><\/h2><p data-start=\"1590\" data-end=\"1657\"><span style=\"color: #000000;\">Nous pouvons partager certaines informations avec des prestataires de services de confiance afin de :<\/span><\/p><ul data-start=\"1658\" data-end=\"1787\"><li data-start=\"1658\" data-end=\"1701\"><p data-start=\"1660\" data-end=\"1701\"><span style=\"color: #000000;\">Traiter les paiements (par exemple, Stripe, PayPal)<\/span><\/p><\/li><li data-start=\"1702\" data-end=\"1746\"><p data-start=\"1704\" data-end=\"1746\"><span style=\"color: #000000;\">Traiter et exp\u00e9dier les commandes (par exemple, Printify)<\/span><\/p><\/li><li data-start=\"1747\" data-end=\"1787\"><p data-start=\"1749\" data-end=\"1787\"><span style=\"color: #000000;\">Assurer la s\u00e9curit\u00e9 et l'analyse du site web<\/span><\/p><\/li><\/ul><p data-start=\"1789\" data-end=\"1866\"><span style=\"color: #000000;\">Ces partenaires sont tenus de pr\u00e9server la s\u00e9curit\u00e9 et la confidentialit\u00e9 de vos informations.<\/span><\/p><hr data-start=\"1868\" data-end=\"1871\" \/><h2 data-start=\"1873\" data-end=\"1910\"><span style=\"font-size: 20px;\">4. Cookies et technologies de suivi<\/span><\/h2><p data-start=\"1911\" data-end=\"1929\"><span style=\"color: #000000;\">Nous utilisons des cookies pour :<\/span><\/p><ul data-start=\"1930\" data-end=\"2047\"><li data-start=\"1930\" data-end=\"1977\"><p data-start=\"1932\" data-end=\"1977\"><span style=\"color: #000000;\">M\u00e9moriser vos pr\u00e9f\u00e9rences et votre panier<\/span><\/p><\/li><li data-start=\"1978\" data-end=\"2008\"><p data-start=\"1980\" data-end=\"2008\"><span style=\"color: #000000;\">Am\u00e9liorer la fonctionnalit\u00e9 du site<\/span><\/p><\/li><li data-start=\"2009\" data-end=\"2047\"><p data-start=\"2011\" data-end=\"2047\"><span style=\"color: #000000;\">Analyser le trafic et le comportement des visiteurs<\/span><\/p><\/li><\/ul><p data-start=\"2049\" data-end=\"2150\"><span style=\"color: #000000;\">Vous pouvez d\u00e9sactiver les cookies dans les param\u00e8tres de votre navigateur, mais certaines fonctionnalit\u00e9s du site risquent alors de ne pas fonctionner correctement.<\/span><\/p><hr data-start=\"2152\" data-end=\"2155\" \/><h2 data-start=\"2157\" data-end=\"2176\"><span style=\"font-size: 20px;\">5. S\u00e9curit\u00e9 des donn\u00e9es<\/span><\/h2><p data-start=\"2177\" data-end=\"2321\"><span style=\"color: #000000;\">We use secure protocols (SSL) and reasonable technical measures to protect your information<\/span> <span style=\"color: #000000;\">from unauthorized access, alteration, or disclosure.<\/span><\/p><hr data-start=\"2323\" data-end=\"2326\" \/><h2 data-start=\"2328\" data-end=\"2345\"><span style=\"font-size: 20px;\">6. Vos droits<\/span><\/h2><p data-start=\"2346\" data-end=\"2382\">D<span style=\"color: #000000;\">epending on your location, you may:<\/span><\/p><ul data-start=\"2383\" data-end=\"2521\"><li data-start=\"2383\" data-end=\"2423\"><p data-start=\"2385\" data-end=\"2423\"><span style=\"color: #000000;\">Demandez une copie de vos donn\u00e9es personnelles<\/span><\/p><\/li><li data-start=\"2424\" data-end=\"2465\"><p data-start=\"2426\" data-end=\"2465\"><span style=\"color: #000000;\">Demandez-nous de corriger ou de supprimer vos donn\u00e9es<\/span><\/p><\/li><li data-start=\"2466\" data-end=\"2521\"><p data-start=\"2468\" data-end=\"2521\"><span style=\"color: #000000;\">Retirer votre consentement pour les communications par e-mail \u00e0 tout moment<\/span><\/p><\/li><\/ul><p data-start=\"2523\" data-end=\"2585\"><span style=\"color: #000000;\">To make a request, contact us at<\/span> \ud83d\udce9 <strong data-start=\"2559\" data-end=\"2585\"><a class=\"decorated-link cursor-pointer\" rel=\"noopener\" data-start=\"2561\" data-end=\"2583\">info@mtchrist.com<\/a><\/strong><\/p><hr data-start=\"2587\" data-end=\"2590\" \/><h2 data-start=\"2592\" data-end=\"2630\"><span style=\"font-size: 20px;\">7. Courriels et communications marketing<\/span><\/h2><p data-start=\"2631\" data-end=\"2818\"><span style=\"color: #000000;\">Nous n'envoyons des e-mails promotionnels ou des newsletters que si vous <strong data-start=\"2684\" data-end=\"2708\">abonnez explicitement<\/strong>.<\/span><br data-start=\"2709\" data-end=\"2712\" \/><span style=\"color: #000000;\">Vous pouvez vous d\u00e9sabonner \u00e0 tout moment en cliquant sur le lien \u00ab Se d\u00e9sabonner \u00bb dans l'e-mail ou en nous contactant directement.<\/span><\/p><hr data-start=\"2820\" data-end=\"2823\" \/><h2 data-start=\"2825\" data-end=\"2849\"><span style=\"font-size: 20px;\">8. Confidentialit\u00e9 des enfants<\/span><\/h2><p data-start=\"2850\" data-end=\"3011\"><span style=\"color: #000000;\">We do not knowingly collect personal information from children under 16. If you believe we have unintentionally done so,<\/span> <span style=\"color: #000000;\">please contact us and we will delete it.<\/span><\/p><hr data-start=\"3013\" data-end=\"3016\" \/><h2 data-start=\"3018\" data-end=\"3046\"><span style=\"font-size: 20px;\">9. Modifications apport\u00e9es \u00e0 la pr\u00e9sente politique<\/span><\/h2><p data-start=\"3047\" data-end=\"3217\"><span style=\"color: #000000;\">Nous pouvons mettre \u00e0 jour cette politique de confidentialit\u00e9 si n\u00e9cessaire afin de refl\u00e9ter les nouvelles lois ou les am\u00e9liorations apport\u00e9es \u00e0 nos services.<\/span><br data-start=\"3143\" data-end=\"3146\" \/><span style=\"color: #000000;\">Les mises \u00e0 jour seront publi\u00e9es sur cette page.<\/span><\/p><hr data-start=\"3219\" data-end=\"3222\" \/><h2 data-start=\"3224\" data-end=\"3238\"><span style=\"font-size: 20px;\">10. Contact<\/span><\/h2><p data-start=\"3239\" data-end=\"3281\"><span style=\"color: #000000;\">Pour toute question ou demande relative \u00e0 la confidentialit\u00e9 :<\/span><\/p><p data-start=\"3283\" data-end=\"3362\">\ud83d\udce9 <span style=\"color: #0000ff;\"><strong data-start=\"3286\" data-end=\"3312\"><a class=\"decorated-link cursor-pointer\" style=\"color: #0000ff;\" rel=\"noopener\" data-start=\"3288\" data-end=\"3310\">info@mtchrist.com<\/a><\/strong><\/span><br data-start=\"3312\" data-end=\"3315\" \/>\ud83c\udf10 <a class=\"decorated-link\" href=\"https:\/\/mtchrist.com\/fr\/contact\/\" rel=\"noopener\" data-start=\"3318\" data-end=\"3362\"><span style=\"color: #0000ff;\">https:\/\/mtchrist.com\/contact<\/span><\/a><\/p><p data-start=\"3471\" data-end=\"3567\">\u00a0<\/p>\t\t\t\t\t\t\t\t<\/div>\n\t\t\t\t<\/div>\n\t\t\t\t<div class=\"elementor-element elementor-element-89296d0 elementor-widget elementor-widget-html\" data-id=\"89296d0\" data-element_type=\"widget\" data-e-type=\"widget\" data-widget_type=\"html.default\">\n\t\t\t\t<div class=\"elementor-widget-container\">\n\t\t\t\t\t<a href=\"#\" onclick=\"window.open('https:\/\/www.sitelock.com\/verify.php?site=mtchrist.com','SiteLock','width=600,height=600,left=160,top=170');\" ><img decoding=\"async\" class=\"img-fluid\" alt=\"SiteLock\" title=\"SiteLock\" src=\"https:\/\/shield.sitelock.com\/shield\/mtchrist.com\" \/><\/a>\t\t\t\t<\/div>\n\t\t\t\t<\/div>\n\t\t\t\t<div class=\"elementor-element elementor-element-3c92594 elementor-widget elementor-widget-text-editor\" data-id=\"3c92594\" data-element_type=\"widget\" data-e-type=\"widget\" data-widget_type=\"text-editor.default\">\n\t\t\t\t<div class=\"elementor-widget-container\">\n\t\t\t\t\t\t\t\t\t<p style=\"text-align: center;\"><span style=\"font-size: 10px;\"><strong>Informations Commerciales<\/strong><\/span><\/p><p style=\"text-align: center;\"><span style=\"font-size: 10px;\">My Testimony in Christ (mtChrist.com)<\/span><\/p><p style=\"text-align: center;\"><span style=\"font-size: 10px;\">1167 Notre-Dame-de-Fatima, Laval, QC H7G 3Z7, Canada<\/span><\/p><p style=\"text-align: center;\"><span style=\"font-size: 10px;\">Heures d'assistance : du lundi au vendredi, de 9 h \u00e0 17 h (heure de l'Est)<\/span><\/p><p style=\"text-align: center;\"><span style=\"font-size: 10px;\">Soutien: <a href=\"mailto:info@mtchrist.com\"><span style=\"color: #3366ff;\">info@mtchrist.com<\/span><\/a><\/span><\/p>\t\t\t\t\t\t\t\t<\/div>\n\t\t\t\t<\/div>\n\t\t\t\t<div class=\"elementor-element elementor-element-5bb3fc0 elementor-widget elementor-widget-spacer\" data-id=\"5bb3fc0\" data-element_type=\"widget\" data-e-type=\"widget\" data-widget_type=\"spacer.default\">\n\t\t\t\t<div class=\"elementor-widget-container\">\n\t\t\t\t\t\t\t<div class=\"elementor-spacer\">\n\t\t\t<div class=\"elementor-spacer-inner\"><\/div>\n\t\t<\/div>\n\t\t\t\t\t\t<\/div>\n\t\t\t\t<\/div>\n\t\t\t\t\t<\/div>\n\t\t\t\t<\/div>\n\t\t\t\t<\/div>","protected":false},"excerpt":{"rendered":"<p>Privacy Policy At mtChrist.com, we respect your privacy and are committed to protecting your personal information.This Privacy Policy explains what information we collect, how we use it, and the choices you have when using our website https:\/\/mtchrist.com. 1. Information We Collect a. Personal Information We collect personal details that you voluntarily provide when: Creating an [&hellip;]<\/p>\n","protected":false},"author":1,"featured_media":0,"parent":0,"menu_order":0,"comment_status":"closed","ping_status":"closed","template":"","meta":{"nf_dc_page":"","_uag_custom_page_level_css":"","site-sidebar-layout":"no-sidebar","site-content-layout":"page-builder","ast-site-content-layout":"full-width-container","site-content-style":"default","site-sidebar-style":"default","ast-global-header-display":"","ast-banner-title-visibility":"","ast-main-header-display":"","ast-hfb-above-header-display":"","ast-hfb-below-header-display":"","ast-hfb-mobile-header-display":"","site-post-title":"","ast-breadcrumbs-content":"","ast-featured-img":"disabled","footer-sml-layout":"","ast-disable-related-posts":"","theme-transparent-header-meta":"","adv-header-id-meta":"","stick-header-meta":"","header-above-stick-meta":"","header-main-stick-meta":"","header-below-stick-meta":"","astra-migrate-meta-layouts":"set","ast-page-background-enabled":"default","ast-page-background-meta":{"desktop":{"background-color":"var(--ast-global-color-4)","background-image":"","background-repeat":"repeat","background-position":"center center","background-size":"auto","background-attachment":"scroll","background-type":"","background-media":"","overlay-type":"","overlay-color":"","overlay-opacity":"","overlay-gradient":""},"tablet":{"background-color":"","background-image":"","background-repeat":"repeat","background-position":"center center","background-size":"auto","background-attachment":"scroll","background-type":"","background-media":"","overlay-type":"","overlay-color":"","overlay-opacity":"","overlay-gradient":""},"mobile":{"background-color":"","background-image":"","background-repeat":"repeat","background-position":"center center","background-size":"auto","background-attachment":"scroll","background-type":"","background-media":"","overlay-type":"","overlay-color":"","overlay-opacity":"","overlay-gradient":""}},"ast-content-background-meta":{"desktop":{"background-color":"var(--ast-global-color-5)","background-image":"","background-repeat":"repeat","background-position":"center center","background-size":"auto","background-attachment":"scroll","background-type":"","background-media":"","overlay-type":"","overlay-color":"","overlay-opacity":"","overlay-gradient":""},"tablet":{"background-color":"var(--ast-global-color-5)","background-image":"","background-repeat":"repeat","background-position":"center center","background-size":"auto","background-attachment":"scroll","background-type":"","background-media":"","overlay-type":"","overlay-color":"","overlay-opacity":"","overlay-gradient":""},"mobile":{"background-color":"var(--ast-global-color-5)","background-image":"","background-repeat":"repeat","background-position":"center center","background-size":"auto","background-attachment":"scroll","background-type":"","background-media":"","overlay-type":"","overlay-color":"","overlay-opacity":"","overlay-gradient":""}},"footnotes":""},"class_list":["post-6138","page","type-page","status-publish","hentry"],"uagb_featured_image_src":{"full":false,"thumbnail":false,"medium":false,"medium_large":false,"large":false,"1536x1536":false,"2048x2048":false,"trp-custom-language-flag":false,"widget-thumbnail":false,"woocommerce_thumbnail":false,"woocommerce_single":false,"woocommerce_gallery_thumbnail":false},"uagb_author_info":{"display_name":"Daniel","author_link":"https:\/\/mtchrist.com\/fr\/author\/daniel\/"},"uagb_comment_info":0,"uagb_excerpt":"Privacy Policy At mtChrist.com, we respect your privacy and are committed to protecting your personal information.This Privacy Policy explains what information we collect, how we use it, and the choices you have when using our website https:\/\/mtchrist.com. 1. Information We Collect a. Personal Information We collect personal details that you voluntarily provide when: Creating an\u2026","_links":{"self":[{"href":"https:\/\/mtchrist.com\/fr\/wp-json\/wp\/v2\/pages\/6138","targetHints":{"allow":["GET"]}}],"collection":[{"href":"https:\/\/mtchrist.com\/fr\/wp-json\/wp\/v2\/pages"}],"about":[{"href":"https:\/\/mtchrist.com\/fr\/wp-json\/wp\/v2\/types\/page"}],"author":[{"embeddable":true,"href":"https:\/\/mtchrist.com\/fr\/wp-json\/wp\/v2\/users\/1"}],"replies":[{"embeddable":true,"href":"https:\/\/mtchrist.com\/fr\/wp-json\/wp\/v2\/comments?post=6138"}],"version-history":[{"count":5,"href":"https:\/\/mtchrist.com\/fr\/wp-json\/wp\/v2\/pages\/6138\/revisions"}],"predecessor-version":[{"id":8901,"href":"https:\/\/mtchrist.com\/fr\/wp-json\/wp\/v2\/pages\/6138\/revisions\/8901"}],"wp:attachment":[{"href":"https:\/\/mtchrist.com\/fr\/wp-json\/wp\/v2\/media?parent=6138"}],"curies":[{"name":"wp","href":"https:\/\/api.w.org\/{rel}","templated":true}]}}