{"id":6140,"date":"2025-10-15T21:53:03","date_gmt":"2025-10-16T01:53:03","guid":{"rendered":"https:\/\/mtchrist.com\/?page_id=6140"},"modified":"2026-03-31T21:08:35","modified_gmt":"2026-04-01T01:08:35","slug":"terms-conditions","status":"publish","type":"page","link":"https:\/\/mtchrist.com\/fr\/terms-conditions\/","title":{"rendered":"Modalit\u00e9s G\u00e9n\u00e9rales"},"content":{"rendered":"<div data-elementor-type=\"wp-page\" data-elementor-id=\"6140\" class=\"elementor elementor-6140\" data-elementor-post-type=\"page\">\n\t\t\t\t<div class=\"elementor-element elementor-element-5fb9cad e-flex e-con-boxed e-con e-parent\" data-id=\"5fb9cad\" data-element_type=\"container\" data-e-type=\"container\">\n\t\t\t\t\t<div class=\"e-con-inner\">\n\t\t\t\t<div class=\"elementor-element elementor-element-ef2394d elementor-widget__width-inherit elementor-widget elementor-widget-image\" data-id=\"ef2394d\" data-element_type=\"widget\" data-e-type=\"widget\" data-widget_type=\"image.default\">\n\t\t\t\t<div class=\"elementor-widget-container\">\n\t\t\t\t\t\t\t\t\t\t\t\t\t\t\t<img fetchpriority=\"high\" decoding=\"async\" width=\"1920\" height=\"1280\" src=\"https:\/\/mtchrist.com\/wp-content\/uploads\/2025\/10\/pexels-rdne-7821937.jpg\" class=\"attachment-2048x2048 size-2048x2048 wp-image-6215\" alt=\"\" srcset=\"https:\/\/mtchrist.com\/wp-content\/uploads\/2025\/10\/pexels-rdne-7821937.jpg 1920w, https:\/\/mtchrist.com\/wp-content\/uploads\/2025\/10\/pexels-rdne-7821937-300x200.jpg 300w, https:\/\/mtchrist.com\/wp-content\/uploads\/2025\/10\/pexels-rdne-7821937-1024x683.jpg 1024w, https:\/\/mtchrist.com\/wp-content\/uploads\/2025\/10\/pexels-rdne-7821937-768x512.jpg 768w, https:\/\/mtchrist.com\/wp-content\/uploads\/2025\/10\/pexels-rdne-7821937-1536x1024.jpg 1536w, https:\/\/mtchrist.com\/wp-content\/uploads\/2025\/10\/pexels-rdne-7821937-18x12.jpg 18w, https:\/\/mtchrist.com\/wp-content\/uploads\/2025\/10\/pexels-rdne-7821937-600x400.jpg 600w\" sizes=\"(max-width: 1920px) 100vw, 1920px\" \/>\t\t\t\t\t\t\t\t\t\t\t\t\t\t\t<\/div>\n\t\t\t\t<\/div>\n\t\t\t\t<div class=\"elementor-element elementor-element-0674408 elementor-invisible elementor-widget elementor-widget-heading\" data-id=\"0674408\" data-element_type=\"widget\" data-e-type=\"widget\" data-settings=\"{&quot;_animation&quot;:&quot;slideInRight&quot;}\" data-widget_type=\"heading.default\">\n\t\t\t\t<div class=\"elementor-widget-container\">\n\t\t\t\t\t<h2 class=\"elementor-heading-title elementor-size-default\">Modalit\u00e9s G\u00e9n\u00e9rales<\/h2>\t\t\t\t<\/div>\n\t\t\t\t<\/div>\n\t\t\t\t<div class=\"elementor-element elementor-element-45d0e8d elementor-widget elementor-widget-spacer\" data-id=\"45d0e8d\" data-element_type=\"widget\" data-e-type=\"widget\" data-widget_type=\"spacer.default\">\n\t\t\t\t<div class=\"elementor-widget-container\">\n\t\t\t\t\t\t\t<div class=\"elementor-spacer\">\n\t\t\t<div class=\"elementor-spacer-inner\"><\/div>\n\t\t<\/div>\n\t\t\t\t\t\t<\/div>\n\t\t\t\t<\/div>\n\t\t\t\t<div class=\"elementor-element elementor-element-1622403 elementor-widget elementor-widget-text-editor\" data-id=\"1622403\" data-element_type=\"widget\" data-e-type=\"widget\" data-widget_type=\"text-editor.default\">\n\t\t\t\t<div class=\"elementor-widget-container\">\n\t\t\t\t\t\t\t\t\t<p data-start=\"437\" data-end=\"674\"><span style=\"color: #000000;\">Bienvenue \u00e0 <strong>mtChrist.com.<\/strong>\u00a0En acc\u00e9dant \u00e0 ce site Web ou en l'utilisant, vous acceptez les conditions g\u00e9n\u00e9rales suivantes. Veuillez les lire attentivement avant d'utiliser notre site, d'acheter des produits ou d'interagir avec notre contenu.<\/span><\/p><hr data-start=\"676\" data-end=\"679\" \/><h2 data-start=\"681\" data-end=\"705\"><span style=\"font-size: 20px;\">1. Utilisation du site Web<\/span><\/h2><ul data-start=\"706\" data-end=\"960\"><li data-start=\"706\" data-end=\"780\"><p data-start=\"708\" data-end=\"780\"><span style=\"color: #000000;\">Vous acceptez d'utiliser ce site Web uniquement \u00e0 des fins l\u00e9gales et respectueuses.<\/span><\/p><\/li><li data-start=\"781\" data-end=\"873\"><p data-start=\"783\" data-end=\"873\"><span style=\"color: #000000;\">Vous ne pouvez copier, redistribuer ou modifier aucune partie du site sans autorisation pr\u00e9alable.<\/span><\/p><\/li><li data-start=\"874\" data-end=\"960\"><p data-start=\"876\" data-end=\"960\"><span style=\"color: #000000;\">Vous devez \u00eatre \u00e2g\u00e9 d'au moins 16 ans pour effectuer des achats ou fournir des informations personnelles.<\/span><\/p><\/li><\/ul><hr data-start=\"962\" data-end=\"965\" \/><h2 data-start=\"967\" data-end=\"994\"><span style=\"font-size: 20px;\">2. Propri\u00e9t\u00e9 intellectuelle<\/span><\/h2><p data-start=\"995\" data-end=\"1230\"><span style=\"color: #000000;\">All content on this site\u2014including text, book content, images, designs, logos, and product mockups\u2014is the property of mtChrist.com or its licensors.<\/span><br data-start=\"1143\" data-end=\"1146\" \/><span style=\"color: #000000;\">Vous ne pouvez reproduire, distribuer ou exploiter aucun contenu sans autorisation \u00e9crite.<\/span><\/p><hr data-start=\"1232\" data-end=\"1235\" \/><h2 data-start=\"1237\" data-end=\"1262\"><span style=\"font-size: 20px;\">3. Produits et commandes<\/span><\/h2><ul data-start=\"1263\" data-end=\"1564\"><li data-start=\"1263\" data-end=\"1369\"><p data-start=\"1265\" data-end=\"1369\"><span style=\"color: #000000;\">Les descriptions et les prix des produits sont exacts au mieux de nos capacit\u00e9s, mais peuvent \u00eatre modifi\u00e9s sans pr\u00e9avis.<\/span><\/p><\/li><li data-start=\"1370\" data-end=\"1496\"><p data-start=\"1372\" data-end=\"1496\"><span style=\"color: #000000;\">Nous nous r\u00e9servons le droit d'annuler ou de refuser toute commande pour des raisons telles que la disponibilit\u00e9, des erreurs de prix ou une suspicion de fraude.<\/span><\/p><\/li><li data-start=\"1497\" data-end=\"1564\"><p data-start=\"1499\" data-end=\"1564\"><span style=\"color: #000000;\">Tous les prix sont en dollars canadiens (CAD), sauf indication contraire.<\/span><\/p><\/li><\/ul><hr data-start=\"1566\" data-end=\"1569\" \/><h2 data-start=\"1571\" data-end=\"1585\"><span style=\"font-size: 20px;\">4. Paiements<\/span><\/h2><ul data-start=\"1586\" data-end=\"1814\"><li data-start=\"1586\" data-end=\"1647\"><p data-start=\"1588\" data-end=\"1647\"><span style=\"color: #000000;\">Les paiements sont trait\u00e9s de mani\u00e8re s\u00e9curis\u00e9e via Stripe ou PayPal.<\/span><\/p><\/li><li data-start=\"1648\" data-end=\"1723\"><p data-start=\"1650\" data-end=\"1723\"><span style=\"color: #000000;\">Nous ne conservons pas vos informations bancaires ou de paiement sur nos serveurs.<\/span><\/p><\/li><li data-start=\"1724\" data-end=\"1814\"><p data-start=\"1726\" data-end=\"1814\"><span style=\"color: #000000;\">En passant commande, vous nous autorisez \u00e0 d\u00e9biter le montant total sur votre moyen de paiement.<\/span><\/p><\/li><\/ul><hr data-start=\"1816\" data-end=\"1819\" \/><h2 data-start=\"1821\" data-end=\"1851\"><span style=\"font-size: 20px;\">5. Exp\u00e9dition et ex\u00e9cution<\/span><\/h2><ul data-start=\"1852\" data-end=\"2088\"><li data-start=\"1852\" data-end=\"1936\"><p data-start=\"1854\" data-end=\"1936\"><span style=\"color: #000000;\">Les commandes sont produites et exp\u00e9di\u00e9es via <strong data-start=\"1894\" data-end=\"1906\">Printify<\/strong> et d'autres partenaires de confiance.<\/span><\/p><\/li><li data-start=\"1937\" data-end=\"1992\"><p data-start=\"1939\" data-end=\"1992\"><span style=\"color: #000000;\">Les d\u00e9lais de livraison peuvent varier en fonction de votre localisation.\u00a0<\/span><\/p><\/li><li data-start=\"1993\" data-end=\"2088\"><p data-start=\"1995\" data-end=\"2088\"><span style=\"color: #000000;\">Nous ne sommes pas responsables des retards caus\u00e9s par les transporteurs, les douanes ou des facteurs ind\u00e9pendants de notre volont\u00e9.<\/span><\/p><\/li><\/ul><hr data-start=\"2090\" data-end=\"2093\" \/><h2 data-start=\"2095\" data-end=\"2117\"><span style=\"font-size: 20px;\">6. Produits num\u00e9riques<\/span><\/h2><ul data-start=\"2118\" data-end=\"2304\"><li data-start=\"2118\" data-end=\"2168\"><p data-start=\"2120\" data-end=\"2168\"><span style=\"color: #000000;\">Les achats d'ebooks sont destin\u00e9s pour <strong data-start=\"2144\" data-end=\"2165\">usage personnel uniquement.<\/strong>.<\/span><\/p><\/li><li data-start=\"2169\" data-end=\"2235\"><p data-start=\"2171\" data-end=\"2235\"><span style=\"color: #000000;\">Vous ne pouvez pas revendre, partager ou t\u00e9l\u00e9charger le fichier sur une quelconque plateforme.<\/span><\/p><\/li><li data-start=\"2236\" data-end=\"2304\"><p data-start=\"2238\" data-end=\"2304\"><span style=\"color: #000000;\">Toutes les ventes d'ebooks sont d\u00e9finitives une fois que le fichier a \u00e9t\u00e9 t\u00e9l\u00e9charg\u00e9 ou consult\u00e9.<\/span><\/p><\/li><\/ul><hr data-start=\"2306\" data-end=\"2309\" \/><h2 data-start=\"2311\" data-end=\"2340\"><span style=\"font-size: 20px;\">7. Limitation de responsabilit\u00e9<\/span><\/h2><p data-start=\"2341\" data-end=\"2642\"><span style=\"color: #000000;\">Ce site Web et son contenu sont fournis de bonne foi.<\/span><br data-start=\"2397\" data-end=\"2400\" \/><span style=\"color: #000000;\">Nous ne sommes pas responsables des dommages directs, indirects, accessoires ou cons\u00e9cutifs r\u00e9sultant de l'utilisation du site ou des produits.<\/span><br data-start=\"2526\" data-end=\"2529\" \/><span style=\"color: #000000;\">Du contenu spirituel est propos\u00e9 pour <strong data-start=\"2562\" data-end=\"2600\">encouragement et inspiration uniquement<\/strong> et ne remplace pas les conseils d'un professionnel.<\/span><\/p><hr data-start=\"2644\" data-end=\"2647\" \/><h2 data-start=\"2649\" data-end=\"2677\"><span style=\"font-size: 20px;\">8. Modifications apport\u00e9es aux pr\u00e9sentes conditions<\/span><\/h2><p data-start=\"2678\" data-end=\"2796\"><span style=\"color: #000000;\">Nous pouvons mettre \u00e0 jour les pr\u00e9sentes conditions g\u00e9n\u00e9rales \u00e0 tout moment. Les modifications prennent effet imm\u00e9diatement apr\u00e8s leur publication sur cette page.<\/span><\/p><hr data-start=\"2798\" data-end=\"2801\" \/><h2 data-start=\"2803\" data-end=\"2819\"><span style=\"font-size: 20px;\">9. Contactez-nous<\/span><\/h2><p data-start=\"2820\" data-end=\"2977\"><span style=\"color: #000000;\">Si vous avez des questions concernant les pr\u00e9sentes conditions g\u00e9n\u00e9rales, veuillez contacter :<\/span><br data-start=\"2895\" data-end=\"2898\" \/>\ud83d\udce9 <span style=\"color: #0000ff;\"><strong data-start=\"2901\" data-end=\"2927\"><a class=\"decorated-link cursor-pointer\" style=\"color: #0000ff;\" rel=\"noopener\" data-start=\"2903\" data-end=\"2925\">info@mtchrist.com<\/a><\/strong><\/span><br data-start=\"2927\" data-end=\"2930\" \/>\ud83c\udf10 <span style=\"color: #0000ff;\"><a class=\"decorated-link\" style=\"color: #0000ff;\" href=\"https:\/\/mtchrist.com\/fr\/contact\/\" rel=\"noopener\" data-start=\"2933\" data-end=\"2977\">https:\/\/mtchrist.com\/contact<\/a><\/span><\/p>\t\t\t\t\t\t\t\t<\/div>\n\t\t\t\t<\/div>\n\t\t\t\t<div class=\"elementor-element elementor-element-6d6f272 elementor-widget elementor-widget-html\" data-id=\"6d6f272\" data-element_type=\"widget\" data-e-type=\"widget\" data-widget_type=\"html.default\">\n\t\t\t\t<div class=\"elementor-widget-container\">\n\t\t\t\t\t<a href=\"#\" onclick=\"window.open('https:\/\/www.sitelock.com\/verify.php?site=mtchrist.com','SiteLock','width=600,height=600,left=160,top=170');\" ><img decoding=\"async\" class=\"img-fluid\" alt=\"SiteLock\" title=\"SiteLock\" src=\"https:\/\/shield.sitelock.com\/shield\/mtchrist.com\" \/><\/a>\t\t\t\t<\/div>\n\t\t\t\t<\/div>\n\t\t\t\t<div class=\"elementor-element elementor-element-ffb166a elementor-widget elementor-widget-text-editor\" data-id=\"ffb166a\" data-element_type=\"widget\" data-e-type=\"widget\" data-widget_type=\"text-editor.default\">\n\t\t\t\t<div class=\"elementor-widget-container\">\n\t\t\t\t\t\t\t\t\t<p style=\"text-align: center;\"><span style=\"font-size: 10px;\"><strong>Informations Commerciales<\/strong><\/span><\/p><p style=\"text-align: center;\"><span style=\"font-size: 10px;\">My Testimony in Christ (mtChrist.com)<\/span><\/p><p style=\"text-align: center;\"><span style=\"font-size: 10px;\">1167 Notre-Dame-de-Fatima, Laval, QC H7G 3Z7, Canada<\/span><\/p><p style=\"text-align: center;\"><span style=\"font-size: 10px;\">Heures d'assistance : du lundi au vendredi, de 9 h \u00e0 17 h (heure de l'Est)<\/span><\/p><p style=\"text-align: center;\"><span style=\"font-size: 10px;\">Soutien: <a href=\"mailto:info@mtchrist.com\"><span style=\"color: #3366ff;\">info@mtchrist.com<\/span><\/a><\/span><\/p>\t\t\t\t\t\t\t\t<\/div>\n\t\t\t\t<\/div>\n\t\t\t\t<div class=\"elementor-element elementor-element-1a1c519 elementor-widget elementor-widget-spacer\" data-id=\"1a1c519\" data-element_type=\"widget\" data-e-type=\"widget\" data-widget_type=\"spacer.default\">\n\t\t\t\t<div class=\"elementor-widget-container\">\n\t\t\t\t\t\t\t<div class=\"elementor-spacer\">\n\t\t\t<div class=\"elementor-spacer-inner\"><\/div>\n\t\t<\/div>\n\t\t\t\t\t\t<\/div>\n\t\t\t\t<\/div>\n\t\t\t\t\t<\/div>\n\t\t\t\t<\/div>\n\t\t\t\t<\/div>","protected":false},"excerpt":{"rendered":"<p>Terms &amp; Conditions Welcome to mtChrist.com.\u00a0By accessing or using this website, you agree to the following Terms and Conditions. Please read them carefully before using our site, purchasing products, or engaging with our content. 1. Use of the Website You agree to use this website for lawful and respectful purposes only. You may not copy, [&hellip;]<\/p>\n","protected":false},"author":1,"featured_media":0,"parent":0,"menu_order":0,"comment_status":"closed","ping_status":"closed","template":"","meta":{"nf_dc_page":"","_uag_custom_page_level_css":"","site-sidebar-layout":"no-sidebar","site-content-layout":"page-builder","ast-site-content-layout":"full-width-container","site-content-style":"default","site-sidebar-style":"default","ast-global-header-display":"","ast-banner-title-visibility":"","ast-main-header-display":"","ast-hfb-above-header-display":"","ast-hfb-below-header-display":"","ast-hfb-mobile-header-display":"","site-post-title":"","ast-breadcrumbs-content":"","ast-featured-img":"disabled","footer-sml-layout":"","ast-disable-related-posts":"","theme-transparent-header-meta":"","adv-header-id-meta":"","stick-header-meta":"","header-above-stick-meta":"","header-main-stick-meta":"","header-below-stick-meta":"","astra-migrate-meta-layouts":"set","ast-page-background-enabled":"default","ast-page-background-meta":{"desktop":{"background-color":"var(--ast-global-color-4)","background-image":"","background-repeat":"repeat","background-position":"center center","background-size":"auto","background-attachment":"scroll","background-type":"","background-media":"","overlay-type":"","overlay-color":"","overlay-opacity":"","overlay-gradient":""},"tablet":{"background-color":"","background-image":"","background-repeat":"repeat","background-position":"center center","background-size":"auto","background-attachment":"scroll","background-type":"","background-media":"","overlay-type":"","overlay-color":"","overlay-opacity":"","overlay-gradient":""},"mobile":{"background-color":"","background-image":"","background-repeat":"repeat","background-position":"center center","background-size":"auto","background-attachment":"scroll","background-type":"","background-media":"","overlay-type":"","overlay-color":"","overlay-opacity":"","overlay-gradient":""}},"ast-content-background-meta":{"desktop":{"background-color":"var(--ast-global-color-5)","background-image":"","background-repeat":"repeat","background-position":"center center","background-size":"auto","background-attachment":"scroll","background-type":"","background-media":"","overlay-type":"","overlay-color":"","overlay-opacity":"","overlay-gradient":""},"tablet":{"background-color":"var(--ast-global-color-5)","background-image":"","background-repeat":"repeat","background-position":"center center","background-size":"auto","background-attachment":"scroll","background-type":"","background-media":"","overlay-type":"","overlay-color":"","overlay-opacity":"","overlay-gradient":""},"mobile":{"background-color":"var(--ast-global-color-5)","background-image":"","background-repeat":"repeat","background-position":"center center","background-size":"auto","background-attachment":"scroll","background-type":"","background-media":"","overlay-type":"","overlay-color":"","overlay-opacity":"","overlay-gradient":""}},"footnotes":""},"class_list":["post-6140","page","type-page","status-publish","hentry"],"uagb_featured_image_src":{"full":false,"thumbnail":false,"medium":false,"medium_large":false,"large":false,"1536x1536":false,"2048x2048":false,"trp-custom-language-flag":false,"widget-thumbnail":false,"woocommerce_thumbnail":false,"woocommerce_single":false,"woocommerce_gallery_thumbnail":false},"uagb_author_info":{"display_name":"Daniel","author_link":"https:\/\/mtchrist.com\/fr\/author\/daniel\/"},"uagb_comment_info":0,"uagb_excerpt":"Terms &amp; Conditions Welcome to mtChrist.com.\u00a0By accessing or using this website, you agree to the following Terms and Conditions. Please read them carefully before using our site, purchasing products, or engaging with our content. 1. Use of the Website You agree to use this website for lawful and respectful purposes only. You may not copy,\u2026","_links":{"self":[{"href":"https:\/\/mtchrist.com\/fr\/wp-json\/wp\/v2\/pages\/6140","targetHints":{"allow":["GET"]}}],"collection":[{"href":"https:\/\/mtchrist.com\/fr\/wp-json\/wp\/v2\/pages"}],"about":[{"href":"https:\/\/mtchrist.com\/fr\/wp-json\/wp\/v2\/types\/page"}],"author":[{"embeddable":true,"href":"https:\/\/mtchrist.com\/fr\/wp-json\/wp\/v2\/users\/1"}],"replies":[{"embeddable":true,"href":"https:\/\/mtchrist.com\/fr\/wp-json\/wp\/v2\/comments?post=6140"}],"version-history":[{"count":5,"href":"https:\/\/mtchrist.com\/fr\/wp-json\/wp\/v2\/pages\/6140\/revisions"}],"predecessor-version":[{"id":8904,"href":"https:\/\/mtchrist.com\/fr\/wp-json\/wp\/v2\/pages\/6140\/revisions\/8904"}],"wp:attachment":[{"href":"https:\/\/mtchrist.com\/fr\/wp-json\/wp\/v2\/media?parent=6140"}],"curies":[{"name":"wp","href":"https:\/\/api.w.org\/{rel}","templated":true}]}}