{"id":6142,"date":"2025-10-15T21:53:45","date_gmt":"2025-10-16T01:53:45","guid":{"rendered":"https:\/\/mtchrist.com\/?page_id=6142"},"modified":"2026-03-31T21:09:30","modified_gmt":"2026-04-01T01:09:30","slug":"refund-shipping-policy","status":"publish","type":"page","link":"https:\/\/mtchrist.com\/fr\/refund-shipping-policy\/","title":{"rendered":"Politique de Remboursement et d'Exp\u00e9dition"},"content":{"rendered":"<div data-elementor-type=\"wp-page\" data-elementor-id=\"6142\" class=\"elementor elementor-6142\" data-elementor-post-type=\"page\">\n\t\t\t\t<div class=\"elementor-element elementor-element-8f8f09d e-flex e-con-boxed e-con e-parent\" data-id=\"8f8f09d\" data-element_type=\"container\" data-e-type=\"container\">\n\t\t\t\t\t<div class=\"e-con-inner\">\n\t\t\t\t<div class=\"elementor-element elementor-element-6b624b0 elementor-widget__width-inherit elementor-widget elementor-widget-image\" data-id=\"6b624b0\" data-element_type=\"widget\" data-e-type=\"widget\" data-widget_type=\"image.default\">\n\t\t\t\t<div class=\"elementor-widget-container\">\n\t\t\t\t\t\t\t\t\t\t\t\t\t\t\t<img fetchpriority=\"high\" decoding=\"async\" width=\"1920\" height=\"1280\" src=\"https:\/\/mtchrist.com\/wp-content\/uploads\/2025\/10\/pexels-towfiqu-barbhuiya-3440682-11391951.jpg\" class=\"attachment-2048x2048 size-2048x2048 wp-image-6208\" alt=\"\" srcset=\"https:\/\/mtchrist.com\/wp-content\/uploads\/2025\/10\/pexels-towfiqu-barbhuiya-3440682-11391951.jpg 1920w, https:\/\/mtchrist.com\/wp-content\/uploads\/2025\/10\/pexels-towfiqu-barbhuiya-3440682-11391951-300x200.jpg 300w, https:\/\/mtchrist.com\/wp-content\/uploads\/2025\/10\/pexels-towfiqu-barbhuiya-3440682-11391951-1024x683.jpg 1024w, https:\/\/mtchrist.com\/wp-content\/uploads\/2025\/10\/pexels-towfiqu-barbhuiya-3440682-11391951-768x512.jpg 768w, https:\/\/mtchrist.com\/wp-content\/uploads\/2025\/10\/pexels-towfiqu-barbhuiya-3440682-11391951-1536x1024.jpg 1536w, https:\/\/mtchrist.com\/wp-content\/uploads\/2025\/10\/pexels-towfiqu-barbhuiya-3440682-11391951-18x12.jpg 18w, https:\/\/mtchrist.com\/wp-content\/uploads\/2025\/10\/pexels-towfiqu-barbhuiya-3440682-11391951-600x400.jpg 600w\" sizes=\"(max-width: 1920px) 100vw, 1920px\" \/>\t\t\t\t\t\t\t\t\t\t\t\t\t\t\t<\/div>\n\t\t\t\t<\/div>\n\t\t\t\t<div class=\"elementor-element elementor-element-dc04b89 elementor-widget__width-inherit elementor-invisible elementor-widget elementor-widget-heading\" data-id=\"dc04b89\" data-element_type=\"widget\" data-e-type=\"widget\" data-settings=\"{&quot;_animation&quot;:&quot;slideInRight&quot;}\" data-widget_type=\"heading.default\">\n\t\t\t\t<div class=\"elementor-widget-container\">\n\t\t\t\t\t<h1 class=\"elementor-heading-title elementor-size-default\">Politique de Remboursement et d'Exp\u00e9dition<\/h1>\t\t\t\t<\/div>\n\t\t\t\t<\/div>\n\t\t\t\t<div class=\"elementor-element elementor-element-732db75 elementor-widget elementor-widget-spacer\" data-id=\"732db75\" data-element_type=\"widget\" data-e-type=\"widget\" data-widget_type=\"spacer.default\">\n\t\t\t\t<div class=\"elementor-widget-container\">\n\t\t\t\t\t\t\t<div class=\"elementor-spacer\">\n\t\t\t<div class=\"elementor-spacer-inner\"><\/div>\n\t\t<\/div>\n\t\t\t\t\t\t<\/div>\n\t\t\t\t<\/div>\n\t\t\t\t<div class=\"elementor-element elementor-element-fc068e7 elementor-widget elementor-widget-text-editor\" data-id=\"fc068e7\" data-element_type=\"widget\" data-e-type=\"widget\" data-widget_type=\"text-editor.default\">\n\t\t\t\t<div class=\"elementor-widget-container\">\n\t\t\t\t\t\t\t\t\t<h2 data-start=\"491\" data-end=\"518\">Politique de Remboursement et d'Exp\u00e9dition<\/h2><p data-start=\"520\" data-end=\"780\"><span style=\"color: #000000;\">Chez <strong data-start=\"523\" data-end=\"539\">mtChrist.com<\/strong>, nous voulons que vous soyez pleinement satisfait de votre achat. La pr\u00e9sente politique de remboursement et d'exp\u00e9dition explique comment nous traitons <strong data-start=\"648\" data-end=\"696\">Exp\u00e9dition, retours, remplacements et remboursements<\/strong> pour les <strong data-start=\"706\" data-end=\"727\">produits physiques<\/strong> (comme les v\u00eatements) et <strong data-start=\"750\" data-end=\"770\">produits num\u00e9riques<\/strong> (ebooks).<\/span><\/p><hr data-start=\"782\" data-end=\"785\" \/><h2 data-start=\"787\" data-end=\"808\">\ud83d\udce6Politique d'exp\u00e9dition<\/h2><h3 data-start=\"810\" data-end=\"832\">M\u00e9thode de traitement des commandes<\/h3><p data-start=\"833\" data-end=\"957\"><span style=\"color: #000000;\">Tous les produits physiques sont <strong data-start=\"859\" data-end=\"887\">imprim\u00e9 sur mesure \u00e0 la demande<\/strong> et ex\u00e9cut\u00e9es par des partenaires tiers de confiance (tels que <strong data-start=\"943\" data-end=\"955\">Printify<\/strong>).<\/span><\/p><h3 data-start=\"959\" data-end=\"981\">Lieux d'exp\u00e9dition<\/h3><ul data-start=\"982\" data-end=\"1132\"><li data-start=\"982\" data-end=\"1015\"><p data-start=\"984\" data-end=\"1015\"><span style=\"color: #000000;\"><strong data-start=\"984\" data-end=\"1006\">Exp\u00e9dition nationale :<\/strong> Canada<\/span><\/p><\/li><li data-start=\"1016\" data-end=\"1132\"><p data-start=\"1018\" data-end=\"1132\"><span style=\"color: #000000;\"><strong data-start=\"1018\" data-end=\"1045\">Exp\u00e9dition internationale :<\/strong> Disponible dans le monde entier, sauf l\u00e0 o\u00f9 cela est interdit par les transporteurs ou les r\u00e9glementations internationales.<\/span><\/p><\/li><\/ul><h3 data-start=\"1134\" data-end=\"1162\">D\u00e9lais de livraison estim\u00e9s<\/h3><p data-start=\"1163\" data-end=\"1250\"><span style=\"color: #000000;\">Les d\u00e9lais de livraison peuvent varier en fonction du produit, du partenaire logistique et de la destination :<\/span><\/p><ul data-start=\"1252\" data-end=\"1445\"><li data-start=\"1252\" data-end=\"1317\"><p data-start=\"1254\" data-end=\"1317\"><span style=\"color: #000000;\"><strong data-start=\"1254\" data-end=\"1265\">Canada:<\/strong> g\u00e9n\u00e9ralement <strong data-start=\"1276\" data-end=\"1297\">2 \u00e0 7 jours ouvrables<\/strong> apr\u00e8s ex\u00e9cution<\/span><\/p><\/li><li data-start=\"1318\" data-end=\"1390\"><p data-start=\"1320\" data-end=\"1390\"><span style=\"color: #000000;\"><strong data-start=\"1320\" data-end=\"1338\">\u00c9tats-Unis :<\/strong> g\u00e9n\u00e9ralement <strong data-start=\"1349\" data-end=\"1370\">2 \u00e0 5 jours ouvrables<\/strong> apr\u00e8s ex\u00e9cution<\/span><\/p><\/li><li data-start=\"1391\" data-end=\"1445\"><p data-start=\"1393\" data-end=\"1445\"><span style=\"color: #000000;\"><strong data-start=\"1393\" data-end=\"1411\">International:<\/strong> g\u00e9n\u00e9ralement <strong data-start=\"1422\" data-end=\"1445\">10 \u00e0 30 jours ouvrables<\/strong><\/span><\/p><\/li><\/ul><p data-start=\"1447\" data-end=\"1582\"><span style=\"color: #000000;\">Veuillez noter que <strong data-start=\"1464\" data-end=\"1483\">temps de production<\/strong> (impression et pr\u00e9paration) prend g\u00e9n\u00e9ralement <strong data-start=\"1525\" data-end=\"1546\">2 \u00e0 5 jours ouvrables<\/strong> et est distinct du d\u00e9lai d'exp\u00e9dition.<\/span><\/p><h3 data-start=\"1584\" data-end=\"1602\">Frais d'exp\u00e9dition<\/h3><p data-start=\"1603\" data-end=\"1658\"><span style=\"color: #000000;\">Les frais d'exp\u00e9dition sont calcul\u00e9s lors du paiement et d\u00e9pendent :<\/span><\/p><ul data-start=\"1659\" data-end=\"1739\"><li data-start=\"1659\" data-end=\"1686\"><p data-start=\"1661\" data-end=\"1686\"><span style=\"color: #000000;\">Dimensions et poids du produit<\/span><\/p><\/li><li data-start=\"1687\" data-end=\"1710\"><p data-start=\"1689\" data-end=\"1710\"><span style=\"color: #000000;\">Pays de destination<\/span><\/p><\/li><li data-start=\"1711\" data-end=\"1739\"><p data-start=\"1713\" data-end=\"1739\"><span style=\"color: #000000;\">Mode d'exp\u00e9dition s\u00e9lectionn\u00e9<\/span><\/p><\/li><\/ul><p data-start=\"1741\" data-end=\"1804\"><span style=\"color: #000000;\">Tous les frais d'exp\u00e9dition sont affich\u00e9s avant la finalisation du paiement.<\/span><\/p><h3 data-start=\"1806\" data-end=\"1841\">Responsabilit\u00e9 relative \u00e0 l'adresse de livraison<\/h3><p data-start=\"1842\" data-end=\"2052\"><span style=\"color: #000000;\">Les clients sont tenus de fournir un <strong data-start=\"1884\" data-end=\"1926\">adresse de livraison compl\u00e8te et exacte<\/strong>. Nous ne sommes pas responsables des retards, des colis perdus ou des frais suppl\u00e9mentaires caus\u00e9s par des informations d'adresse incorrectes ou incompl\u00e8tes.<\/span><\/p><hr data-start=\"510\" data-end=\"513\" \/><h2 data-start=\"515\" data-end=\"556\"><span style=\"font-size: 20px;\">1. Produits physiques (impression \u00e0 la demande)<\/span><\/h2><p data-start=\"558\" data-end=\"655\"><span style=\"color: #000000;\">Nos produits sont imprim\u00e9s et exp\u00e9di\u00e9s par des partenaires tiers de confiance (tels que <strong data-start=\"641\" data-end=\"653\">Printify<\/strong>).<\/span><\/p><p data-start=\"558\" data-end=\"655\"><span style=\"color: #000000;\">Les frais de retour pour les articles d\u00e9fectueux ou non conformes sont enti\u00e8rement \u00e0 notre charge, apr\u00e8s approbation. Sauf indication contraire de notre part, le renvoi physique des produits endommag\u00e9s n'est pas requis.<\/span><\/p><h3 data-start=\"657\" data-end=\"698\"><span style=\"font-size: 20px;\">Admissibilit\u00e9 au remboursement ou au remplacement<\/span><\/h3><p data-start=\"699\" data-end=\"743\"><span style=\"color: #000000;\">Nous acceptons les demandes de remboursement ou de remplacement si :<\/span><\/p><ul data-start=\"744\" data-end=\"856\"><li data-start=\"744\" data-end=\"790\"><p data-start=\"746\" data-end=\"790\"><span style=\"color: #000000;\">L'article arrive <strong data-start=\"763\" data-end=\"787\">endommag\u00e9 ou d\u00e9fectueux<\/strong>.<\/span><\/p><\/li><li data-start=\"791\" data-end=\"856\"><p data-start=\"793\" data-end=\"856\"><span style=\"color: #000000;\">Il y a un <strong data-start=\"804\" data-end=\"822\">erreur d'impression<\/strong> ou le mauvais produit a \u00e9t\u00e9 exp\u00e9di\u00e9.<\/span><\/p><\/li><\/ul><p data-start=\"858\" data-end=\"882\"><span style=\"color: #000000;\">Pour traiter votre demande :<\/span><\/p><ol data-start=\"883\" data-end=\"1170\"><li data-start=\"883\" data-end=\"963\"><p data-start=\"886\" data-end=\"963\"><span style=\"color: #000000;\">Contactez-nous \u00e0 l'adresse suivante<\/span> \ud83d\udce9 <span style=\"color: #0000ff;\"><strong data-start=\"903\" data-end=\"929\"><a class=\"decorated-link cursor-pointer\" style=\"color: #0000ff;\" rel=\"noopener\" data-start=\"905\" data-end=\"927\">info@mtchrist.com<\/a><\/strong> <\/span><span style=\"color: #000000;\">\u00e0 l'int\u00e9rieur de <strong data-start=\"937\" data-end=\"948\">30 days<\/strong> de la livraison.<\/span><\/p><\/li><li data-start=\"964\" data-end=\"1075\"><p data-start=\"967\" data-end=\"1075\"><span style=\"color: #000000;\">Incluez votre <strong data-start=\"980\" data-end=\"996\">num\u00e9ro de commande<\/strong>, une br\u00e8ve description du probl\u00e8me et une <strong data-start=\"1042\" data-end=\"1052\">image<\/strong> claire d\u00e9montrant le probl\u00e8me.<\/span><\/p><\/li><li data-start=\"1076\" data-end=\"1170\"><p data-start=\"1079\" data-end=\"1170\"><span style=\"color: #000000;\">Une fois la demande approuv\u00e9e, nous remplacerons le produit ou vous rembourserons selon votre mode de paiement initial.<\/span><\/p><\/li><\/ol><p data-start=\"1172\" data-end=\"1203\">\u26a0\ufe0f <span style=\"color: #000000;\">Nous ne pouvons pas offrir de remboursement pour :<\/span><\/p><ul data-start=\"1204\" data-end=\"1306\"><li data-start=\"1204\" data-end=\"1243\"><p data-start=\"1206\" data-end=\"1243\"><span style=\"color: #000000;\">Taille incorrecte command\u00e9e par le client.<\/span><\/p><\/li><li data-start=\"1244\" data-end=\"1282\"><p data-start=\"1246\" data-end=\"1282\"><span style=\"color: #000000;\">Remords de l'acheteur ou changement d'avis.<\/span><\/p><\/li><li data-start=\"1283\" data-end=\"1306\"><p data-start=\"1285\" data-end=\"1306\"><span style=\"color: #000000;\">Usure normale.<\/span><\/p><\/li><\/ul><p data-start=\"1308\" data-end=\"1380\"><span style=\"color: #000000;\">Veuillez consulter attentivement les tableaux des tailles et les d\u00e9tails des produits avant de passer commande.<\/span><\/p><hr data-start=\"1382\" data-end=\"1385\" \/><h2 data-start=\"1387\" data-end=\"1418\"><span style=\"font-size: 20px;\">2. Produits num\u00e9riques (livres \u00e9lectroniques)<\/span><\/h2><p data-start=\"1420\" data-end=\"1454\"><span style=\"color: #000000;\">Tous les achats d'ebooks sont <strong data-start=\"1444\" data-end=\"1453\">d\u00e9finitifs<\/strong>.<\/span><\/p><ul data-start=\"1456\" data-end=\"1704\"><li data-start=\"1456\" data-end=\"1574\"><p data-start=\"1458\" data-end=\"1574\"><span style=\"color: #000000;\">Comme les livres \u00e9lectroniques sont livr\u00e9s sous forme num\u00e9rique, <strong data-start=\"1498\" data-end=\"1571\">Nous ne pouvons pas effectuer de remboursement une fois que le fichier a \u00e9t\u00e9 t\u00e9l\u00e9charg\u00e9 ou consult\u00e9<\/strong>.<\/span><\/p><\/li><li data-start=\"1575\" data-end=\"1704\"><p data-start=\"1577\" data-end=\"1704\"><span style=\"color: #000000;\">Si vous rencontrez des probl\u00e8mes techniques lors du t\u00e9l\u00e9chargement de votre livre \u00e9lectronique,<\/span> <span style=\"color: #000000;\">contactez-nous \u00e0 l'adresse<\/span> \ud83d\udce9 <span style=\"color: #0000ff;\"><strong data-start=\"1647\" data-end=\"1673\"><a class=\"decorated-link cursor-pointer\" style=\"color: #0000ff;\" rel=\"noopener\" data-start=\"1649\" data-end=\"1671\">info@mtchrist.com<\/a><\/strong><\/span> <span style=\"color: #000000;\">et nous vous aiderons rapidement.<\/span><\/p><\/li><\/ul><hr data-start=\"1706\" data-end=\"1709\" \/><h2 data-start=\"1711\" data-end=\"1735\"><span style=\"font-size: 20px;\">3. Traitement des remboursements<\/span><\/h2><p data-start=\"1737\" data-end=\"1772\"><span style=\"color: #000000;\">Si votre demande de remboursement est approuv\u00e9e :<\/span><\/p><ul data-start=\"1773\" data-end=\"1982\"><li data-start=\"1773\" data-end=\"1826\"><p data-start=\"1775\" data-end=\"1826\"><span style=\"color: #000000;\">Nous le traiterons dans un d\u00e9lai de <strong data-start=\"1801\" data-end=\"1823\">5 \u00e0 10 jours ouvrables<\/strong>.<\/span><\/p><\/li><li data-start=\"1827\" data-end=\"1913\"><p data-start=\"1829\" data-end=\"1913\"><span style=\"color: #000000;\">Les fonds seront rembours\u00e9s sur votre <strong data-start=\"1864\" data-end=\"1891\">mode de paiement initial<\/strong> (Stripe ou PayPal).<\/span><\/p><\/li><li data-start=\"1914\" data-end=\"1982\"><p data-start=\"1916\" data-end=\"1982\"><span style=\"color: #000000;\">Les d\u00e9lais de traitement peuvent varier en fonction de votre institution financi\u00e8re.<\/span><\/p><\/li><\/ul><hr data-start=\"1984\" data-end=\"1987\" \/><h2 data-start=\"1989\" data-end=\"2004\"><span style=\"font-size: 20px;\">4. \u00c9changes<\/span><\/h2><p data-start=\"2006\" data-end=\"2173\"><span style=\"color: #000000;\">Nous n'offrons pas d'\u00e9change direct de produits.<\/span><br data-start=\"2047\" data-end=\"2050\" \/><span style=\"color: #000000;\">Si un remplacement est n\u00e9cessaire pour une r\u00e9clamation approuv\u00e9e (par exemple, dommage ou erreur d'impression), nous vous enverrons un nouvel article sans frais suppl\u00e9mentaires.<\/span><\/p><hr data-start=\"2175\" data-end=\"2178\" \/><h2 data-start=\"2180\" data-end=\"2193\"><span style=\"font-size: 20px;\">5. Contact<\/span><\/h2><p data-start=\"2195\" data-end=\"2246\"><span style=\"color: #000000;\">Pour toute demande de remboursement ou de retour, veuillez contacter :<\/span><\/p><p data-start=\"2248\" data-end=\"2327\">\ud83d\udce9 <span style=\"color: #0000ff;\"><strong data-start=\"2251\" data-end=\"2277\"><a class=\"decorated-link cursor-pointer\" style=\"color: #0000ff;\" rel=\"noopener\" data-start=\"2253\" data-end=\"2275\">info@mtchrist.com<\/a><\/strong><\/span><br data-start=\"2277\" data-end=\"2280\" \/>\ud83c\udf10 <span style=\"color: #0000ff;\"><a class=\"decorated-link\" style=\"color: #0000ff;\" href=\"https:\/\/mtchrist.com\/fr\/contact\/\" rel=\"noopener\" data-start=\"2283\" data-end=\"2327\">https:\/\/mtchrist.com\/contact<\/a><\/span><\/p>\t\t\t\t\t\t\t\t<\/div>\n\t\t\t\t<\/div>\n\t\t\t\t<div class=\"elementor-element elementor-element-ae338fc elementor-widget elementor-widget-html\" data-id=\"ae338fc\" data-element_type=\"widget\" data-e-type=\"widget\" data-widget_type=\"html.default\">\n\t\t\t\t<div class=\"elementor-widget-container\">\n\t\t\t\t\t<a href=\"#\" onclick=\"window.open('https:\/\/www.sitelock.com\/verify.php?site=mtchrist.com','SiteLock','width=600,height=600,left=160,top=170');\" ><img decoding=\"async\" class=\"img-fluid\" alt=\"SiteLock\" title=\"SiteLock\" src=\"https:\/\/shield.sitelock.com\/shield\/mtchrist.com\" \/><\/a>\t\t\t\t<\/div>\n\t\t\t\t<\/div>\n\t\t\t\t<div class=\"elementor-element elementor-element-fcd3283 elementor-widget elementor-widget-text-editor\" data-id=\"fcd3283\" data-element_type=\"widget\" data-e-type=\"widget\" data-widget_type=\"text-editor.default\">\n\t\t\t\t<div class=\"elementor-widget-container\">\n\t\t\t\t\t\t\t\t\t<p style=\"text-align: center;\"><span style=\"font-size: 10px;\"><strong>Informations Commerciales<\/strong><\/span><\/p><p style=\"text-align: center;\"><span style=\"font-size: 10px;\">My Testimony in Christ (mtChrist.com)<\/span><\/p><p style=\"text-align: center;\"><span style=\"font-size: 10px;\">1167 Notre-Dame-de-Fatima, Laval, QC H7G 3Z7, Canada<\/span><\/p><p style=\"text-align: center;\"><span style=\"font-size: 10px;\">Heures d'assistance : du lundi au vendredi, de 9 h \u00e0 17 h (heure de l'Est)<\/span><\/p><p style=\"text-align: center;\"><span style=\"font-size: 10px;\">Soutien: <a href=\"mailto:info@mtchrist.com\"><span style=\"color: #3366ff;\">info@mtchrist.com<\/span><\/a><\/span><\/p>\t\t\t\t\t\t\t\t<\/div>\n\t\t\t\t<\/div>\n\t\t\t\t<div class=\"elementor-element elementor-element-b13b32c elementor-widget elementor-widget-spacer\" data-id=\"b13b32c\" data-element_type=\"widget\" data-e-type=\"widget\" data-widget_type=\"spacer.default\">\n\t\t\t\t<div class=\"elementor-widget-container\">\n\t\t\t\t\t\t\t<div class=\"elementor-spacer\">\n\t\t\t<div class=\"elementor-spacer-inner\"><\/div>\n\t\t<\/div>\n\t\t\t\t\t\t<\/div>\n\t\t\t\t<\/div>\n\t\t\t\t\t<\/div>\n\t\t\t\t<\/div>\n\t\t\t\t<\/div>","protected":false},"excerpt":{"rendered":"<p>Refund &amp; Shipping Policy Refund &amp; Shipping Policy At mtChrist.com, we want you to be fully satisfied with your purchase. This Refund &amp; Shipping Policy explains how we handle shipping, returns, replacements, and refunds for both physical products (such as apparel) and digital products (ebooks). \ud83d\udce6 Shipping Policy Fulfillment Method All physical products are custom-printed [&hellip;]<\/p>\n","protected":false},"author":1,"featured_media":0,"parent":0,"menu_order":0,"comment_status":"closed","ping_status":"closed","template":"","meta":{"nf_dc_page":"","_uag_custom_page_level_css":"","site-sidebar-layout":"no-sidebar","site-content-layout":"page-builder","ast-site-content-layout":"full-width-container","site-content-style":"default","site-sidebar-style":"default","ast-global-header-display":"","ast-banner-title-visibility":"","ast-main-header-display":"","ast-hfb-above-header-display":"","ast-hfb-below-header-display":"","ast-hfb-mobile-header-display":"","site-post-title":"","ast-breadcrumbs-content":"","ast-featured-img":"disabled","footer-sml-layout":"","ast-disable-related-posts":"","theme-transparent-header-meta":"","adv-header-id-meta":"","stick-header-meta":"","header-above-stick-meta":"","header-main-stick-meta":"","header-below-stick-meta":"","astra-migrate-meta-layouts":"set","ast-page-background-enabled":"default","ast-page-background-meta":{"desktop":{"background-color":"var(--ast-global-color-4)","background-image":"","background-repeat":"repeat","background-position":"center center","background-size":"auto","background-attachment":"scroll","background-type":"","background-media":"","overlay-type":"","overlay-color":"","overlay-opacity":"","overlay-gradient":""},"tablet":{"background-color":"","background-image":"","background-repeat":"repeat","background-position":"center center","background-size":"auto","background-attachment":"scroll","background-type":"","background-media":"","overlay-type":"","overlay-color":"","overlay-opacity":"","overlay-gradient":""},"mobile":{"background-color":"","background-image":"","background-repeat":"repeat","background-position":"center center","background-size":"auto","background-attachment":"scroll","background-type":"","background-media":"","overlay-type":"","overlay-color":"","overlay-opacity":"","overlay-gradient":""}},"ast-content-background-meta":{"desktop":{"background-color":"var(--ast-global-color-5)","background-image":"","background-repeat":"repeat","background-position":"center center","background-size":"auto","background-attachment":"scroll","background-type":"","background-media":"","overlay-type":"","overlay-color":"","overlay-opacity":"","overlay-gradient":""},"tablet":{"background-color":"var(--ast-global-color-5)","background-image":"","background-repeat":"repeat","background-position":"center center","background-size":"auto","background-attachment":"scroll","background-type":"","background-media":"","overlay-type":"","overlay-color":"","overlay-opacity":"","overlay-gradient":""},"mobile":{"background-color":"var(--ast-global-color-5)","background-image":"","background-repeat":"repeat","background-position":"center center","background-size":"auto","background-attachment":"scroll","background-type":"","background-media":"","overlay-type":"","overlay-color":"","overlay-opacity":"","overlay-gradient":""}},"footnotes":""},"class_list":["post-6142","page","type-page","status-publish","hentry"],"uagb_featured_image_src":{"full":false,"thumbnail":false,"medium":false,"medium_large":false,"large":false,"1536x1536":false,"2048x2048":false,"trp-custom-language-flag":false,"widget-thumbnail":false,"woocommerce_thumbnail":false,"woocommerce_single":false,"woocommerce_gallery_thumbnail":false},"uagb_author_info":{"display_name":"Daniel","author_link":"https:\/\/mtchrist.com\/fr\/author\/daniel\/"},"uagb_comment_info":0,"uagb_excerpt":"Refund &amp; Shipping Policy Refund &amp; Shipping Policy At mtChrist.com, we want you to be fully satisfied with your purchase. This Refund &amp; Shipping Policy explains how we handle shipping, returns, replacements, and refunds for both physical products (such as apparel) and digital products (ebooks). \ud83d\udce6 Shipping Policy Fulfillment Method All physical products are custom-printed\u2026","_links":{"self":[{"href":"https:\/\/mtchrist.com\/fr\/wp-json\/wp\/v2\/pages\/6142","targetHints":{"allow":["GET"]}}],"collection":[{"href":"https:\/\/mtchrist.com\/fr\/wp-json\/wp\/v2\/pages"}],"about":[{"href":"https:\/\/mtchrist.com\/fr\/wp-json\/wp\/v2\/types\/page"}],"author":[{"embeddable":true,"href":"https:\/\/mtchrist.com\/fr\/wp-json\/wp\/v2\/users\/1"}],"replies":[{"embeddable":true,"href":"https:\/\/mtchrist.com\/fr\/wp-json\/wp\/v2\/comments?post=6142"}],"version-history":[{"count":5,"href":"https:\/\/mtchrist.com\/fr\/wp-json\/wp\/v2\/pages\/6142\/revisions"}],"predecessor-version":[{"id":8907,"href":"https:\/\/mtchrist.com\/fr\/wp-json\/wp\/v2\/pages\/6142\/revisions\/8907"}],"wp:attachment":[{"href":"https:\/\/mtchrist.com\/fr\/wp-json\/wp\/v2\/media?parent=6142"}],"curies":[{"name":"wp","href":"https:\/\/api.w.org\/{rel}","templated":true}]}}